{"id":98,"date":"2015-08-27T13:24:33","date_gmt":"2015-08-27T17:24:33","guid":{"rendered":"https:\/\/www.childrenseyemd.com\/optical-shop\/?lang=es"},"modified":"2015-09-30T14:36:41","modified_gmt":"2015-09-30T18:36:41","slug":"optica","status":"publish","type":"page","link":"https:\/\/www.childrenseyemd.com\/es\/optica\/","title":{"rendered":"Optica"},"content":{"rendered":"<p><img loading=\"lazy\" decoding=\"async\" class=\"alignnone wp-image-92 size-medium\" src=\"https:\/\/www.childrenseyemd.com\/wp-content\/uploads\/2015\/08\/opticalshop-300x198.png\" alt=\"opticalshop\" width=\"300\" height=\"198\" style=\"margin-left: 0\" \/><\/p>\n<p>Para su comodidad, tenemos una tienda de \u00f3ptica ubicada en nuestra oficina de Ventas, donde encontrar\u00e1 una gran selecci\u00f3n de marcos de anteojos para su hijo. La tienda \u00f3ptico est\u00e1 formado por un \u00f3ptico licenciado con m\u00e1s de 25 a\u00f1os de experiencia. Robert puede ayudarle a seleccionar el marco apropiado para las necesidades individuales de su hijo. Va a encontrar, marcos duraderos adaptados a los ni\u00f1os elegantes a precios competitivos, as\u00ed como los anteojos del deporte de protecci\u00f3n, gafas de nataci\u00f3n y ciclismo gafas de estilo de vida activo de su hijo. Con maquinaria de \u00faltima generaci\u00f3n en las instalaciones y un gran inventario de lentes, en la mayor\u00eda de los casos Robert puede proporcionar a su hijo con sus gafas en una hora.<\/p>\n<p>El n\u00famero de tel\u00e9fono de 3020 \u00f3ptico es 914-417-6444.<\/p>\n<ul>\n<li><img loading=\"lazy\" decoding=\"async\" class=\"alignnone size-medium wp-image-93\" src=\"https:\/\/www.childrenseyemd.com\/wp-content\/uploads\/2015\/08\/LuckylogoOctober2012-300x92.jpg\" alt=\"LuckylogoOctober2012\" width=\"300\" height=\"92\" srcset=\"https:\/\/www.childrenseyemd.com\/wp-content\/uploads\/2015\/08\/LuckylogoOctober2012-300x92.jpg 300w, https:\/\/www.childrenseyemd.com\/wp-content\/uploads\/2015\/08\/LuckylogoOctober2012.jpg 518w\" sizes=\"auto, (max-width: 300px) 100vw, 300px\" \/><\/li>\n<li><img loading=\"lazy\" decoding=\"async\" class=\"alignnone size-full wp-image-94\" src=\"https:\/\/www.childrenseyemd.com\/wp-content\/uploads\/2015\/08\/Converse2011logo.jpg\" alt=\"Converse2011logo\" width=\"184\" height=\"25\" \/><\/li>\n<li><img loading=\"lazy\" decoding=\"async\" class=\"alignnone size-full wp-image-95\" src=\"https:\/\/www.childrenseyemd.com\/wp-content\/uploads\/2015\/08\/Liberty-Sport-logo_PMS179.jpg\" alt=\"Liberty-Sport-logo_PMS179\" width=\"237\" height=\"158\" \/><\/li>\n<li><img loading=\"lazy\" decoding=\"async\" class=\"alignnone size-medium wp-image-96\" src=\"https:\/\/www.childrenseyemd.com\/wp-content\/uploads\/2015\/08\/Solo-Logo-300x107.jpg\" alt=\"Solo-Logo\" width=\"300\" height=\"107\" srcset=\"https:\/\/www.childrenseyemd.com\/wp-content\/uploads\/2015\/08\/Solo-Logo-300x107.jpg 300w, https:\/\/www.childrenseyemd.com\/wp-content\/uploads\/2015\/08\/Solo-Logo-1024x366.jpg 1024w\" sizes=\"auto, (max-width: 300px) 100vw, 300px\" \/><\/li>\n<\/ul>\n","protected":false},"excerpt":{"rendered":"<p>Para su comodidad, tenemos una tienda de \u00f3ptica ubicada en nuestra oficina de Ventas, donde encontrar\u00e1 una gran selecci\u00f3n de marcos de anteojos para su hijo. La tienda \u00f3ptico est\u00e1 formado por un \u00f3ptico licenciado con m\u00e1s de 25 a\u00f1os de experiencia. Robert puede ayudarle a seleccionar el marco apropiado para las necesidades individuales de&#8230;<\/p>\n","protected":false},"author":5,"featured_media":0,"parent":0,"menu_order":0,"comment_status":"closed","ping_status":"closed","template":"templates\/optical-shop.php","meta":{"footnotes":""},"class_list":["post-98","page","type-page","status-publish","hentry"],"yoast_head":"<!-- This site is optimized with the Yoast SEO plugin v27.5 - https:\/\/yoast.com\/product\/yoast-seo-wordpress\/ -->\n<title>Optica - Lederman &amp; Lederman, LLP<\/title>\n<meta name=\"description\" content=\"Para su comodidad, tenemos una tienda de \u00f3ptica ubicada en nuestra oficina de Ventas, donde encontrar\u00e1 una gran selecci\u00f3n de marcos de anteojos para su hijo. La tienda \u00f3ptico est\u00e1 formado por un \u00f3ptico licenciado con m\u00e1s de 25 a\u00f1os de experiencia. Robert puede ayudarle a seleccionar el marco apropiado para las necesidades individuales de su hijo.\" \/>\n<meta name=\"robots\" content=\"index, follow, max-snippet:-1, max-image-preview:large, max-video-preview:-1\" \/>\n<link rel=\"canonical\" href=\"https:\/\/www.childrenseyemd.com\/es\/optica\/\" \/>\n<meta property=\"og:locale\" content=\"es_ES\" \/>\n<meta property=\"og:type\" content=\"article\" \/>\n<meta property=\"og:title\" content=\"Optica - Lederman &amp; Lederman, LLP\" \/>\n<meta property=\"og:description\" content=\"Para su comodidad, tenemos una tienda de \u00f3ptica ubicada en nuestra oficina de Ventas, donde encontrar\u00e1 una gran selecci\u00f3n de marcos de anteojos para su hijo. La tienda \u00f3ptico est\u00e1 formado por un \u00f3ptico licenciado con m\u00e1s de 25 a\u00f1os de experiencia. Robert puede ayudarle a seleccionar el marco apropiado para las necesidades individuales de su hijo.\" \/>\n<meta property=\"og:url\" content=\"https:\/\/www.childrenseyemd.com\/es\/optica\/\" \/>\n<meta property=\"og:site_name\" content=\"Lederman &amp; Lederman, LLP\" \/>\n<meta property=\"article:modified_time\" content=\"2015-09-30T18:36:41+00:00\" \/>\n<meta property=\"og:image\" content=\"https:\/\/www.childrenseyemd.com\/wp-content\/uploads\/2015\/08\/opticalshop-300x198.png\" \/>\n<meta name=\"twitter:card\" content=\"summary_large_image\" \/>\n<meta name=\"twitter:label1\" content=\"Tiempo de lectura\" \/>\n\t<meta name=\"twitter:data1\" content=\"1 minuto\" \/>\n<script type=\"application\/ld+json\" class=\"yoast-schema-graph\">{\"@context\":\"https:\\\/\\\/schema.org\",\"@graph\":[{\"@type\":\"WebPage\",\"@id\":\"https:\\\/\\\/www.childrenseyemd.com\\\/es\\\/optica\\\/\",\"url\":\"https:\\\/\\\/www.childrenseyemd.com\\\/es\\\/optica\\\/\",\"name\":\"Optica - Lederman &amp; Lederman, LLP\",\"isPartOf\":{\"@id\":\"https:\\\/\\\/www.childrenseyemd.com\\\/es\\\/#website\"},\"primaryImageOfPage\":{\"@id\":\"https:\\\/\\\/www.childrenseyemd.com\\\/es\\\/optica\\\/#primaryimage\"},\"image\":{\"@id\":\"https:\\\/\\\/www.childrenseyemd.com\\\/es\\\/optica\\\/#primaryimage\"},\"thumbnailUrl\":\"https:\\\/\\\/www.childrenseyemd.com\\\/wp-content\\\/uploads\\\/2015\\\/08\\\/opticalshop-300x198.png\",\"datePublished\":\"2015-08-27T17:24:33+00:00\",\"dateModified\":\"2015-09-30T18:36:41+00:00\",\"description\":\"Para su comodidad, tenemos una tienda de \u00f3ptica ubicada en nuestra oficina de Ventas, donde encontrar\u00e1 una gran selecci\u00f3n de marcos de anteojos para su hijo. La tienda \u00f3ptico est\u00e1 formado por un \u00f3ptico licenciado con m\u00e1s de 25 a\u00f1os de experiencia. Robert puede ayudarle a seleccionar el marco apropiado para las necesidades individuales de su hijo.\",\"breadcrumb\":{\"@id\":\"https:\\\/\\\/www.childrenseyemd.com\\\/es\\\/optica\\\/#breadcrumb\"},\"inLanguage\":\"es\",\"potentialAction\":[{\"@type\":\"ReadAction\",\"target\":[\"https:\\\/\\\/www.childrenseyemd.com\\\/es\\\/optica\\\/\"]}]},{\"@type\":\"ImageObject\",\"inLanguage\":\"es\",\"@id\":\"https:\\\/\\\/www.childrenseyemd.com\\\/es\\\/optica\\\/#primaryimage\",\"url\":\"https:\\\/\\\/www.childrenseyemd.com\\\/wp-content\\\/uploads\\\/2015\\\/08\\\/opticalshop-300x198.png\",\"contentUrl\":\"https:\\\/\\\/www.childrenseyemd.com\\\/wp-content\\\/uploads\\\/2015\\\/08\\\/opticalshop-300x198.png\"},{\"@type\":\"BreadcrumbList\",\"@id\":\"https:\\\/\\\/www.childrenseyemd.com\\\/es\\\/optica\\\/#breadcrumb\",\"itemListElement\":[{\"@type\":\"ListItem\",\"position\":1,\"name\":\"Home\",\"item\":\"https:\\\/\\\/www.childrenseyemd.com\\\/es\\\/\"},{\"@type\":\"ListItem\",\"position\":2,\"name\":\"Optica\"}]},{\"@type\":\"WebSite\",\"@id\":\"https:\\\/\\\/www.childrenseyemd.com\\\/es\\\/#website\",\"url\":\"https:\\\/\\\/www.childrenseyemd.com\\\/es\\\/\",\"name\":\"Lederman &amp; Lederman, LLP\",\"description\":\"\",\"potentialAction\":[{\"@type\":\"SearchAction\",\"target\":{\"@type\":\"EntryPoint\",\"urlTemplate\":\"https:\\\/\\\/www.childrenseyemd.com\\\/es\\\/?s={search_term_string}\"},\"query-input\":{\"@type\":\"PropertyValueSpecification\",\"valueRequired\":true,\"valueName\":\"search_term_string\"}}],\"inLanguage\":\"es\"}]}<\/script>\n<!-- \/ Yoast SEO plugin. -->","yoast_head_json":{"title":"Optica - Lederman &amp; Lederman, LLP","description":"Para su comodidad, tenemos una tienda de \u00f3ptica ubicada en nuestra oficina de Ventas, donde encontrar\u00e1 una gran selecci\u00f3n de marcos de anteojos para su hijo. La tienda \u00f3ptico est\u00e1 formado por un \u00f3ptico licenciado con m\u00e1s de 25 a\u00f1os de experiencia. Robert puede ayudarle a seleccionar el marco apropiado para las necesidades individuales de su hijo.","robots":{"index":"index","follow":"follow","max-snippet":"max-snippet:-1","max-image-preview":"max-image-preview:large","max-video-preview":"max-video-preview:-1"},"canonical":"https:\/\/www.childrenseyemd.com\/es\/optica\/","og_locale":"es_ES","og_type":"article","og_title":"Optica - Lederman &amp; Lederman, LLP","og_description":"Para su comodidad, tenemos una tienda de \u00f3ptica ubicada en nuestra oficina de Ventas, donde encontrar\u00e1 una gran selecci\u00f3n de marcos de anteojos para su hijo. La tienda \u00f3ptico est\u00e1 formado por un \u00f3ptico licenciado con m\u00e1s de 25 a\u00f1os de experiencia. Robert puede ayudarle a seleccionar el marco apropiado para las necesidades individuales de su hijo.","og_url":"https:\/\/www.childrenseyemd.com\/es\/optica\/","og_site_name":"Lederman &amp; Lederman, LLP","article_modified_time":"2015-09-30T18:36:41+00:00","og_image":[{"url":"https:\/\/www.childrenseyemd.com\/wp-content\/uploads\/2015\/08\/opticalshop-300x198.png","type":"","width":"","height":""}],"twitter_card":"summary_large_image","twitter_misc":{"Tiempo de lectura":"1 minuto"},"schema":{"@context":"https:\/\/schema.org","@graph":[{"@type":"WebPage","@id":"https:\/\/www.childrenseyemd.com\/es\/optica\/","url":"https:\/\/www.childrenseyemd.com\/es\/optica\/","name":"Optica - Lederman &amp; Lederman, LLP","isPartOf":{"@id":"https:\/\/www.childrenseyemd.com\/es\/#website"},"primaryImageOfPage":{"@id":"https:\/\/www.childrenseyemd.com\/es\/optica\/#primaryimage"},"image":{"@id":"https:\/\/www.childrenseyemd.com\/es\/optica\/#primaryimage"},"thumbnailUrl":"https:\/\/www.childrenseyemd.com\/wp-content\/uploads\/2015\/08\/opticalshop-300x198.png","datePublished":"2015-08-27T17:24:33+00:00","dateModified":"2015-09-30T18:36:41+00:00","description":"Para su comodidad, tenemos una tienda de \u00f3ptica ubicada en nuestra oficina de Ventas, donde encontrar\u00e1 una gran selecci\u00f3n de marcos de anteojos para su hijo. La tienda \u00f3ptico est\u00e1 formado por un \u00f3ptico licenciado con m\u00e1s de 25 a\u00f1os de experiencia. Robert puede ayudarle a seleccionar el marco apropiado para las necesidades individuales de su hijo.","breadcrumb":{"@id":"https:\/\/www.childrenseyemd.com\/es\/optica\/#breadcrumb"},"inLanguage":"es","potentialAction":[{"@type":"ReadAction","target":["https:\/\/www.childrenseyemd.com\/es\/optica\/"]}]},{"@type":"ImageObject","inLanguage":"es","@id":"https:\/\/www.childrenseyemd.com\/es\/optica\/#primaryimage","url":"https:\/\/www.childrenseyemd.com\/wp-content\/uploads\/2015\/08\/opticalshop-300x198.png","contentUrl":"https:\/\/www.childrenseyemd.com\/wp-content\/uploads\/2015\/08\/opticalshop-300x198.png"},{"@type":"BreadcrumbList","@id":"https:\/\/www.childrenseyemd.com\/es\/optica\/#breadcrumb","itemListElement":[{"@type":"ListItem","position":1,"name":"Home","item":"https:\/\/www.childrenseyemd.com\/es\/"},{"@type":"ListItem","position":2,"name":"Optica"}]},{"@type":"WebSite","@id":"https:\/\/www.childrenseyemd.com\/es\/#website","url":"https:\/\/www.childrenseyemd.com\/es\/","name":"Lederman &amp; Lederman, LLP","description":"","potentialAction":[{"@type":"SearchAction","target":{"@type":"EntryPoint","urlTemplate":"https:\/\/www.childrenseyemd.com\/es\/?s={search_term_string}"},"query-input":{"@type":"PropertyValueSpecification","valueRequired":true,"valueName":"search_term_string"}}],"inLanguage":"es"}]}},"_links":{"self":[{"href":"https:\/\/www.childrenseyemd.com\/es\/wp-json\/wp\/v2\/pages\/98","targetHints":{"allow":["GET"]}}],"collection":[{"href":"https:\/\/www.childrenseyemd.com\/es\/wp-json\/wp\/v2\/pages"}],"about":[{"href":"https:\/\/www.childrenseyemd.com\/es\/wp-json\/wp\/v2\/types\/page"}],"author":[{"embeddable":true,"href":"https:\/\/www.childrenseyemd.com\/es\/wp-json\/wp\/v2\/users\/5"}],"replies":[{"embeddable":true,"href":"https:\/\/www.childrenseyemd.com\/es\/wp-json\/wp\/v2\/comments?post=98"}],"version-history":[{"count":0,"href":"https:\/\/www.childrenseyemd.com\/es\/wp-json\/wp\/v2\/pages\/98\/revisions"}],"wp:attachment":[{"href":"https:\/\/www.childrenseyemd.com\/es\/wp-json\/wp\/v2\/media?parent=98"}],"curies":[{"name":"wp","href":"https:\/\/api.w.org\/{rel}","templated":true}]}}