{"id":70,"date":"2015-08-27T12:22:35","date_gmt":"2015-08-27T16:22:35","guid":{"rendered":"https:\/\/www.childrenseyemd.com\/about-martin-e-lederman-m-d\/?lang=es"},"modified":"2024-11-15T14:32:29","modified_gmt":"2024-11-15T18:32:29","slug":"acerca-de-martin-e-lederman-m-d","status":"publish","type":"page","link":"https:\/\/www.childrenseyemd.com\/es\/acerca-de-martin-e-lederman-m-d\/","title":{"rendered":"Acerca de Martin E. Lederman, M.D."},"content":{"rendered":"<h2>Acerca de Martin E. Lederman, M.D.<\/h2>\n<p>Dr. Martin Lederman se gradu\u00f3 de la Universidad de Brooklyn, cum laude con una licenciatura en biolog\u00eda. Obtuvo su t\u00edtulo de m\u00e9dico en el Einstein College de Medicina Albert y complet\u00f3 una residencia m\u00e9dica en el Centro M\u00e9dico del Hospital Montefiore en el Bronx. Regres\u00f3 a Albert Einstein para su residencia en Oftalmolog\u00eda y se convirti\u00f3 en Jefe de Residentes e instructor cl\u00ednico en su \u00faltimo a\u00f1o. Luego fue a Washington, DC para una beca de un a\u00f1o de Oftalmolog\u00eda Pedi\u00e1trica en el Hospital Infantil del Centro M\u00e9dico Nacional.<\/p>\n<p><img loading=\"lazy\" decoding=\"async\" class=\"alignright size-medium wp-image-68\" src=\"https:\/\/www.childrenseyemd.com\/wp-content\/uploads\/2015\/08\/mel2-300x218.jpg\" alt=\"mel2\" width=\"300\" height=\"218\" \/><\/p>\n<p>Permaneci\u00f3 en el personal del Hospital de Ni\u00f1os, as\u00ed como en la facultad de George Washington Escuela de Medicina y la Escuela de Medicina de Georgetown hasta 1984. Adem\u00e1s privadas, trabaj\u00f3 en el Instituto Nacional del Ojo, se convirti\u00f3 en Presidente de la Oft\u00e1lmica Comit\u00e9 Asesor de Medicamentos de la Administraci\u00f3n de Alimentos y Medicamentos (FDA), desarroll\u00f3 y dirigi\u00f3 el laboratorio de electrofisiolog\u00eda en el Hospital Infantil y sirvi\u00f3 en el Consejo de Administraci\u00f3n de varias organizaciones locales y nacionales dedicados a servir a los ni\u00f1os y la prevenci\u00f3n de la ceguera. Est\u00e1 certificado por la Junta Americana de Oftalmolog\u00eda, es miembro de la Academia Americana de Oftalmolog\u00eda y es miembro fundador de la Asociaci\u00f3n Americana de Oftalmolog\u00eda Pedi\u00e1trica y Estrabismo.<\/p>\n<p>Regres\u00f3 a Nueva York en 1984 y abri\u00f3 una oficina en Westchester. Se uni\u00f3 a las facultades de la Edward S. Harkness Eye Institute de la Universidad de Columbia y del Hospital Presbiteriano de Nueva York y es profesor asociado. \u00c9l est\u00e1 en el personal del Hospital de White Plains. \u00c9l es el presidente de varias organizaciones locales y nacionales y ha ocupado numerosos comit\u00e9s y del Consejo de Administraci\u00f3n posiciones. Ayud\u00f3 a fundar y sirvi\u00f3 como el primer presidente de la Sociedad de Nueva York para la Oftalmolog\u00eda Pedi\u00e1trica y Estrabismo y la Red Eye Physicians Nueva York. \u00c9l era un ex Presidente de la Secci\u00f3n de Oftalmolog\u00eda de la Academia de Medicina de Westchester.<\/p>\n<p>Dr. Lederman est\u00e1 interesado en mejorar la atenci\u00f3n a los ni\u00f1os del mundo y que sale por la ense\u00f1anza y misiones quir\u00fargicas a Panam\u00e1, Kenia, Marruecos, Dubai, y Belice. \u00c9l co-fund\u00f3 \u00abUn mundo, una visi\u00f3n\u00bb, esuna organizaci\u00f3n dedicada a traer pedi\u00e1tricos Oftalm\u00f3logos a los pa\u00edses en desarrollo para el tratamiento de ni\u00f1os y adultos con estrabismo y los ni\u00f1os con cataratas. Un enlace a la p\u00e1gina web se puede encontrar en nuestra p\u00e1gina principal. Su inter\u00e9s m\u00e1s activo sigue siendo su pr\u00e1ctica en Purchase, Nueva York que comparte con su hija, la <a href=\"https:\/\/www.childrenseyemd.com\/es\/acerca-de-carolyn-r-lederman-m-d\/\">Dr. Carolyn Lederman<\/a> y socio la <a href=\"https:\/\/www.childrenseyemd.com\/es\/acerca-de-gennifer-j-greebel-m-d\/\">Dr. Gennifer Greebel<\/a>.<\/p>\n","protected":false},"excerpt":{"rendered":"<p>Acerca de Martin E. Lederman, M.D. Dr. Martin Lederman se gradu\u00f3 de la Universidad de Brooklyn, cum laude con una licenciatura en biolog\u00eda. Obtuvo su t\u00edtulo de m\u00e9dico en el Einstein College de Medicina Albert y complet\u00f3 una residencia m\u00e9dica en el Centro M\u00e9dico del Hospital Montefiore en el Bronx. Regres\u00f3 a Albert Einstein para&#8230;<\/p>\n","protected":false},"author":5,"featured_media":0,"parent":0,"menu_order":0,"comment_status":"closed","ping_status":"closed","template":"","meta":{"footnotes":""},"class_list":["post-70","page","type-page","status-publish","hentry"],"yoast_head":"<!-- This site is optimized with the Yoast SEO plugin v27.5 - https:\/\/yoast.com\/product\/yoast-seo-wordpress\/ -->\n<title>Acerca de Martin E. Lederman, M.D. - Lederman &amp; Lederman, LLP<\/title>\n<meta name=\"description\" content=\"Dr. Martin Lederman se gradu\u00f3 de la Universidad de Brooklyn, cum laude con una licenciatura en biolog\u00eda. Obtuvo su t\u00edtulo de m\u00e9dico en el Einstein College de Medicina Albert y complet\u00f3 una residencia m\u00e9dica en el Centro M\u00e9dico del Hospital Montefiore en el Bronx. Regres\u00f3 a Albert Einstein para su residencia en Oftalmolog\u00eda y se convirti\u00f3 en Jefe de Residentes e instructor cl\u00ednico en su \u00faltimo a\u00f1o. Luego fue a Washington, DC para una beca de un a\u00f1o de Oftalmolog\u00eda Pedi\u00e1trica en el Hospital Infantil del Centro M\u00e9dico Nacional.\" \/>\n<meta name=\"robots\" content=\"index, follow, max-snippet:-1, max-image-preview:large, max-video-preview:-1\" \/>\n<link rel=\"canonical\" href=\"https:\/\/www.childrenseyemd.com\/es\/acerca-de-martin-e-lederman-m-d\/\" \/>\n<meta property=\"og:locale\" content=\"es_ES\" \/>\n<meta property=\"og:type\" content=\"article\" \/>\n<meta property=\"og:title\" content=\"Acerca de Martin E. Lederman, M.D. - Lederman &amp; Lederman, LLP\" \/>\n<meta property=\"og:description\" content=\"Dr. Martin Lederman se gradu\u00f3 de la Universidad de Brooklyn, cum laude con una licenciatura en biolog\u00eda. Obtuvo su t\u00edtulo de m\u00e9dico en el Einstein College de Medicina Albert y complet\u00f3 una residencia m\u00e9dica en el Centro M\u00e9dico del Hospital Montefiore en el Bronx. Regres\u00f3 a Albert Einstein para su residencia en Oftalmolog\u00eda y se convirti\u00f3 en Jefe de Residentes e instructor cl\u00ednico en su \u00faltimo a\u00f1o. Luego fue a Washington, DC para una beca de un a\u00f1o de Oftalmolog\u00eda Pedi\u00e1trica en el Hospital Infantil del Centro M\u00e9dico Nacional.\" \/>\n<meta property=\"og:url\" content=\"https:\/\/www.childrenseyemd.com\/es\/acerca-de-martin-e-lederman-m-d\/\" \/>\n<meta property=\"og:site_name\" content=\"Lederman &amp; Lederman, LLP\" \/>\n<meta property=\"article:modified_time\" content=\"2024-11-15T18:32:29+00:00\" \/>\n<meta property=\"og:image\" content=\"https:\/\/www.childrenseyemd.com\/wp-content\/uploads\/2015\/08\/mel2.jpg\" \/>\n\t<meta property=\"og:image:width\" content=\"300\" \/>\n\t<meta property=\"og:image:height\" content=\"218\" \/>\n\t<meta property=\"og:image:type\" content=\"image\/jpeg\" \/>\n<meta name=\"twitter:card\" content=\"summary_large_image\" \/>\n<meta name=\"twitter:label1\" content=\"Tiempo de lectura\" \/>\n\t<meta name=\"twitter:data1\" content=\"3 minutos\" \/>\n<script type=\"application\/ld+json\" class=\"yoast-schema-graph\">{\"@context\":\"https:\\\/\\\/schema.org\",\"@graph\":[{\"@type\":\"WebPage\",\"@id\":\"https:\\\/\\\/www.childrenseyemd.com\\\/es\\\/acerca-de-martin-e-lederman-m-d\\\/\",\"url\":\"https:\\\/\\\/www.childrenseyemd.com\\\/es\\\/acerca-de-martin-e-lederman-m-d\\\/\",\"name\":\"Acerca de Martin E. Lederman, M.D. - Lederman &amp; Lederman, LLP\",\"isPartOf\":{\"@id\":\"https:\\\/\\\/www.childrenseyemd.com\\\/es\\\/#website\"},\"primaryImageOfPage\":{\"@id\":\"https:\\\/\\\/www.childrenseyemd.com\\\/es\\\/acerca-de-martin-e-lederman-m-d\\\/#primaryimage\"},\"image\":{\"@id\":\"https:\\\/\\\/www.childrenseyemd.com\\\/es\\\/acerca-de-martin-e-lederman-m-d\\\/#primaryimage\"},\"thumbnailUrl\":\"https:\\\/\\\/www.childrenseyemd.com\\\/wp-content\\\/uploads\\\/2015\\\/08\\\/mel2-300x218.jpg\",\"datePublished\":\"2015-08-27T16:22:35+00:00\",\"dateModified\":\"2024-11-15T18:32:29+00:00\",\"description\":\"Dr. Martin Lederman se gradu\u00f3 de la Universidad de Brooklyn, cum laude con una licenciatura en biolog\u00eda. Obtuvo su t\u00edtulo de m\u00e9dico en el Einstein College de Medicina Albert y complet\u00f3 una residencia m\u00e9dica en el Centro M\u00e9dico del Hospital Montefiore en el Bronx. Regres\u00f3 a Albert Einstein para su residencia en Oftalmolog\u00eda y se convirti\u00f3 en Jefe de Residentes e instructor cl\u00ednico en su \u00faltimo a\u00f1o. Luego fue a Washington, DC para una beca de un a\u00f1o de Oftalmolog\u00eda Pedi\u00e1trica en el Hospital Infantil del Centro M\u00e9dico Nacional.\",\"breadcrumb\":{\"@id\":\"https:\\\/\\\/www.childrenseyemd.com\\\/es\\\/acerca-de-martin-e-lederman-m-d\\\/#breadcrumb\"},\"inLanguage\":\"es\",\"potentialAction\":[{\"@type\":\"ReadAction\",\"target\":[\"https:\\\/\\\/www.childrenseyemd.com\\\/es\\\/acerca-de-martin-e-lederman-m-d\\\/\"]}]},{\"@type\":\"ImageObject\",\"inLanguage\":\"es\",\"@id\":\"https:\\\/\\\/www.childrenseyemd.com\\\/es\\\/acerca-de-martin-e-lederman-m-d\\\/#primaryimage\",\"url\":\"https:\\\/\\\/www.childrenseyemd.com\\\/wp-content\\\/uploads\\\/2015\\\/08\\\/mel2-300x218.jpg\",\"contentUrl\":\"https:\\\/\\\/www.childrenseyemd.com\\\/wp-content\\\/uploads\\\/2015\\\/08\\\/mel2-300x218.jpg\"},{\"@type\":\"BreadcrumbList\",\"@id\":\"https:\\\/\\\/www.childrenseyemd.com\\\/es\\\/acerca-de-martin-e-lederman-m-d\\\/#breadcrumb\",\"itemListElement\":[{\"@type\":\"ListItem\",\"position\":1,\"name\":\"Home\",\"item\":\"https:\\\/\\\/www.childrenseyemd.com\\\/es\\\/\"},{\"@type\":\"ListItem\",\"position\":2,\"name\":\"Acerca de Martin E. Lederman, M.D.\"}]},{\"@type\":\"WebSite\",\"@id\":\"https:\\\/\\\/www.childrenseyemd.com\\\/es\\\/#website\",\"url\":\"https:\\\/\\\/www.childrenseyemd.com\\\/es\\\/\",\"name\":\"Lederman &amp; Lederman, LLP\",\"description\":\"\",\"potentialAction\":[{\"@type\":\"SearchAction\",\"target\":{\"@type\":\"EntryPoint\",\"urlTemplate\":\"https:\\\/\\\/www.childrenseyemd.com\\\/es\\\/?s={search_term_string}\"},\"query-input\":{\"@type\":\"PropertyValueSpecification\",\"valueRequired\":true,\"valueName\":\"search_term_string\"}}],\"inLanguage\":\"es\"}]}<\/script>\n<!-- \/ Yoast SEO plugin. -->","yoast_head_json":{"title":"Acerca de Martin E. Lederman, M.D. - Lederman &amp; Lederman, LLP","description":"Dr. Martin Lederman se gradu\u00f3 de la Universidad de Brooklyn, cum laude con una licenciatura en biolog\u00eda. Obtuvo su t\u00edtulo de m\u00e9dico en el Einstein College de Medicina Albert y complet\u00f3 una residencia m\u00e9dica en el Centro M\u00e9dico del Hospital Montefiore en el Bronx. Regres\u00f3 a Albert Einstein para su residencia en Oftalmolog\u00eda y se convirti\u00f3 en Jefe de Residentes e instructor cl\u00ednico en su \u00faltimo a\u00f1o. Luego fue a Washington, DC para una beca de un a\u00f1o de Oftalmolog\u00eda Pedi\u00e1trica en el Hospital Infantil del Centro M\u00e9dico Nacional.","robots":{"index":"index","follow":"follow","max-snippet":"max-snippet:-1","max-image-preview":"max-image-preview:large","max-video-preview":"max-video-preview:-1"},"canonical":"https:\/\/www.childrenseyemd.com\/es\/acerca-de-martin-e-lederman-m-d\/","og_locale":"es_ES","og_type":"article","og_title":"Acerca de Martin E. Lederman, M.D. - Lederman &amp; Lederman, LLP","og_description":"Dr. Martin Lederman se gradu\u00f3 de la Universidad de Brooklyn, cum laude con una licenciatura en biolog\u00eda. Obtuvo su t\u00edtulo de m\u00e9dico en el Einstein College de Medicina Albert y complet\u00f3 una residencia m\u00e9dica en el Centro M\u00e9dico del Hospital Montefiore en el Bronx. Regres\u00f3 a Albert Einstein para su residencia en Oftalmolog\u00eda y se convirti\u00f3 en Jefe de Residentes e instructor cl\u00ednico en su \u00faltimo a\u00f1o. Luego fue a Washington, DC para una beca de un a\u00f1o de Oftalmolog\u00eda Pedi\u00e1trica en el Hospital Infantil del Centro M\u00e9dico Nacional.","og_url":"https:\/\/www.childrenseyemd.com\/es\/acerca-de-martin-e-lederman-m-d\/","og_site_name":"Lederman &amp; Lederman, LLP","article_modified_time":"2024-11-15T18:32:29+00:00","og_image":[{"width":300,"height":218,"url":"https:\/\/www.childrenseyemd.com\/wp-content\/uploads\/2015\/08\/mel2.jpg","type":"image\/jpeg"}],"twitter_card":"summary_large_image","twitter_misc":{"Tiempo de lectura":"3 minutos"},"schema":{"@context":"https:\/\/schema.org","@graph":[{"@type":"WebPage","@id":"https:\/\/www.childrenseyemd.com\/es\/acerca-de-martin-e-lederman-m-d\/","url":"https:\/\/www.childrenseyemd.com\/es\/acerca-de-martin-e-lederman-m-d\/","name":"Acerca de Martin E. Lederman, M.D. - Lederman &amp; Lederman, LLP","isPartOf":{"@id":"https:\/\/www.childrenseyemd.com\/es\/#website"},"primaryImageOfPage":{"@id":"https:\/\/www.childrenseyemd.com\/es\/acerca-de-martin-e-lederman-m-d\/#primaryimage"},"image":{"@id":"https:\/\/www.childrenseyemd.com\/es\/acerca-de-martin-e-lederman-m-d\/#primaryimage"},"thumbnailUrl":"https:\/\/www.childrenseyemd.com\/wp-content\/uploads\/2015\/08\/mel2-300x218.jpg","datePublished":"2015-08-27T16:22:35+00:00","dateModified":"2024-11-15T18:32:29+00:00","description":"Dr. Martin Lederman se gradu\u00f3 de la Universidad de Brooklyn, cum laude con una licenciatura en biolog\u00eda. Obtuvo su t\u00edtulo de m\u00e9dico en el Einstein College de Medicina Albert y complet\u00f3 una residencia m\u00e9dica en el Centro M\u00e9dico del Hospital Montefiore en el Bronx. Regres\u00f3 a Albert Einstein para su residencia en Oftalmolog\u00eda y se convirti\u00f3 en Jefe de Residentes e instructor cl\u00ednico en su \u00faltimo a\u00f1o. Luego fue a Washington, DC para una beca de un a\u00f1o de Oftalmolog\u00eda Pedi\u00e1trica en el Hospital Infantil del Centro M\u00e9dico Nacional.","breadcrumb":{"@id":"https:\/\/www.childrenseyemd.com\/es\/acerca-de-martin-e-lederman-m-d\/#breadcrumb"},"inLanguage":"es","potentialAction":[{"@type":"ReadAction","target":["https:\/\/www.childrenseyemd.com\/es\/acerca-de-martin-e-lederman-m-d\/"]}]},{"@type":"ImageObject","inLanguage":"es","@id":"https:\/\/www.childrenseyemd.com\/es\/acerca-de-martin-e-lederman-m-d\/#primaryimage","url":"https:\/\/www.childrenseyemd.com\/wp-content\/uploads\/2015\/08\/mel2-300x218.jpg","contentUrl":"https:\/\/www.childrenseyemd.com\/wp-content\/uploads\/2015\/08\/mel2-300x218.jpg"},{"@type":"BreadcrumbList","@id":"https:\/\/www.childrenseyemd.com\/es\/acerca-de-martin-e-lederman-m-d\/#breadcrumb","itemListElement":[{"@type":"ListItem","position":1,"name":"Home","item":"https:\/\/www.childrenseyemd.com\/es\/"},{"@type":"ListItem","position":2,"name":"Acerca de Martin E. Lederman, M.D."}]},{"@type":"WebSite","@id":"https:\/\/www.childrenseyemd.com\/es\/#website","url":"https:\/\/www.childrenseyemd.com\/es\/","name":"Lederman &amp; Lederman, LLP","description":"","potentialAction":[{"@type":"SearchAction","target":{"@type":"EntryPoint","urlTemplate":"https:\/\/www.childrenseyemd.com\/es\/?s={search_term_string}"},"query-input":{"@type":"PropertyValueSpecification","valueRequired":true,"valueName":"search_term_string"}}],"inLanguage":"es"}]}},"_links":{"self":[{"href":"https:\/\/www.childrenseyemd.com\/es\/wp-json\/wp\/v2\/pages\/70","targetHints":{"allow":["GET"]}}],"collection":[{"href":"https:\/\/www.childrenseyemd.com\/es\/wp-json\/wp\/v2\/pages"}],"about":[{"href":"https:\/\/www.childrenseyemd.com\/es\/wp-json\/wp\/v2\/types\/page"}],"author":[{"embeddable":true,"href":"https:\/\/www.childrenseyemd.com\/es\/wp-json\/wp\/v2\/users\/5"}],"replies":[{"embeddable":true,"href":"https:\/\/www.childrenseyemd.com\/es\/wp-json\/wp\/v2\/comments?post=70"}],"version-history":[{"count":0,"href":"https:\/\/www.childrenseyemd.com\/es\/wp-json\/wp\/v2\/pages\/70\/revisions"}],"wp:attachment":[{"href":"https:\/\/www.childrenseyemd.com\/es\/wp-json\/wp\/v2\/media?parent=70"}],"curies":[{"name":"wp","href":"https:\/\/api.w.org\/{rel}","templated":true}]}}