{"id":647,"date":"2017-02-14T16:49:23","date_gmt":"2017-02-14T20:49:23","guid":{"rendered":"https:\/\/www.childrenseyemd.com\/order-contact-lenses\/"},"modified":"2023-07-20T11:20:09","modified_gmt":"2023-07-20T15:20:09","slug":"solicite-lentes-de-contacto-en-linea","status":"publish","type":"page","link":"https:\/\/www.childrenseyemd.com\/es\/solicite-lentes-de-contacto-en-linea\/","title":{"rendered":"Solicite lentes de contacto en l\u00ednea"},"content":{"rendered":"<h2 style=\"text-align: left;\">Solicite lentes de contacto en l\u00ednea<\/h2>\n<p>Nos complace ofrecerle la comodidad de solicitar lentes de contacto en l\u00ednea. Si a\u00fan no ha recibido un correo electr\u00f3nico de Yourlens\u00a0con su informaci\u00f3n de inicio de sesi\u00f3n, llame al 914-417-6441 y hable con Karla, o env\u00edele un correo electr\u00f3nico a\u00a0<a href=\"mailto:3020karla@gmail.com\">3020karla@gmail.com<\/a>.<\/p>\n<p style=\"text-align: center;\"><a href=\"https:\/\/www.childrenseyemd.com\/wp-content\/uploads\/2017\/12\/CLRELEASEFORM.pdf\">EXENCI\u00d3N DE CORREO ELECTR\u00d3NICO de Yourlens<\/a><\/p>\n<p>Una vez que reciba un correo electr\u00f3nico de Yourlens, siga las instrucciones para configurar su cuenta. Para todos los pedidos futuros, puede consultar esta p\u00e1gina para solicitar lentes de contacto.<\/p>\n<p style=\"text-align: center;\"><a href=\"https:\/\/secure.yourlens.com\/LedermanLederman\/\">HAGA CLIC AQU\u00cd PARA PEDIR LENTES DE CONTACTO<\/a><\/p>\n","protected":false},"excerpt":{"rendered":"<p>Solicite lentes de contacto en l\u00ednea Nos complace ofrecerle la comodidad de solicitar lentes de contacto en l\u00ednea. Si a\u00fan no ha recibido un correo electr\u00f3nico de Yourlens\u00a0con su informaci\u00f3n de inicio de sesi\u00f3n, llame al 914-417-6441 y hable con Karla, o env\u00edele un correo electr\u00f3nico a\u00a03020karla@gmail.com. EXENCI\u00d3N DE CORREO ELECTR\u00d3NICO de Yourlens Una vez&#8230;<\/p>\n","protected":false},"author":5,"featured_media":0,"parent":0,"menu_order":0,"comment_status":"closed","ping_status":"closed","template":"","meta":{"footnotes":""},"class_list":["post-647","page","type-page","status-publish","hentry"],"yoast_head":"<!-- This site is optimized with the Yoast SEO plugin v27.5 - https:\/\/yoast.com\/product\/yoast-seo-wordpress\/ -->\n<title>Solicite lentes de contacto en l\u00ednea - Lederman &amp; Lederman, LLP<\/title>\n<meta name=\"robots\" content=\"index, follow, max-snippet:-1, max-image-preview:large, max-video-preview:-1\" \/>\n<link rel=\"canonical\" href=\"https:\/\/www.childrenseyemd.com\/es\/solicite-lentes-de-contacto-en-linea\/\" \/>\n<meta property=\"og:locale\" content=\"es_ES\" \/>\n<meta property=\"og:type\" content=\"article\" \/>\n<meta property=\"og:title\" content=\"Solicite lentes de contacto en l\u00ednea - Lederman &amp; Lederman, LLP\" \/>\n<meta property=\"og:description\" content=\"Solicite lentes de contacto en l\u00ednea Nos complace ofrecerle la comodidad de solicitar lentes de contacto en l\u00ednea. Si a\u00fan no ha recibido un correo electr\u00f3nico de Yourlens\u00a0con su informaci\u00f3n de inicio de sesi\u00f3n, llame al 914-417-6441 y hable con Karla, o env\u00edele un correo electr\u00f3nico a\u00a03020karla@gmail.com. EXENCI\u00d3N DE CORREO ELECTR\u00d3NICO de Yourlens Una vez...\" \/>\n<meta property=\"og:url\" content=\"https:\/\/www.childrenseyemd.com\/es\/solicite-lentes-de-contacto-en-linea\/\" \/>\n<meta property=\"og:site_name\" content=\"Lederman &amp; Lederman, LLP\" \/>\n<meta property=\"article:modified_time\" content=\"2023-07-20T15:20:09+00:00\" \/>\n<meta name=\"twitter:card\" content=\"summary_large_image\" \/>\n<meta name=\"twitter:label1\" content=\"Tiempo de lectura\" \/>\n\t<meta name=\"twitter:data1\" content=\"1 minuto\" \/>\n<script type=\"application\/ld+json\" class=\"yoast-schema-graph\">{\"@context\":\"https:\\\/\\\/schema.org\",\"@graph\":[{\"@type\":\"WebPage\",\"@id\":\"https:\\\/\\\/www.childrenseyemd.com\\\/es\\\/solicite-lentes-de-contacto-en-linea\\\/\",\"url\":\"https:\\\/\\\/www.childrenseyemd.com\\\/es\\\/solicite-lentes-de-contacto-en-linea\\\/\",\"name\":\"Solicite lentes de contacto en l\u00ednea - Lederman &amp; Lederman, LLP\",\"isPartOf\":{\"@id\":\"https:\\\/\\\/www.childrenseyemd.com\\\/es\\\/#website\"},\"datePublished\":\"2017-02-14T20:49:23+00:00\",\"dateModified\":\"2023-07-20T15:20:09+00:00\",\"breadcrumb\":{\"@id\":\"https:\\\/\\\/www.childrenseyemd.com\\\/es\\\/solicite-lentes-de-contacto-en-linea\\\/#breadcrumb\"},\"inLanguage\":\"es\",\"potentialAction\":[{\"@type\":\"ReadAction\",\"target\":[\"https:\\\/\\\/www.childrenseyemd.com\\\/es\\\/solicite-lentes-de-contacto-en-linea\\\/\"]}]},{\"@type\":\"BreadcrumbList\",\"@id\":\"https:\\\/\\\/www.childrenseyemd.com\\\/es\\\/solicite-lentes-de-contacto-en-linea\\\/#breadcrumb\",\"itemListElement\":[{\"@type\":\"ListItem\",\"position\":1,\"name\":\"Home\",\"item\":\"https:\\\/\\\/www.childrenseyemd.com\\\/es\\\/\"},{\"@type\":\"ListItem\",\"position\":2,\"name\":\"Solicite lentes de contacto en l\u00ednea\"}]},{\"@type\":\"WebSite\",\"@id\":\"https:\\\/\\\/www.childrenseyemd.com\\\/es\\\/#website\",\"url\":\"https:\\\/\\\/www.childrenseyemd.com\\\/es\\\/\",\"name\":\"Lederman &amp; Lederman, LLP\",\"description\":\"\",\"potentialAction\":[{\"@type\":\"SearchAction\",\"target\":{\"@type\":\"EntryPoint\",\"urlTemplate\":\"https:\\\/\\\/www.childrenseyemd.com\\\/es\\\/?s={search_term_string}\"},\"query-input\":{\"@type\":\"PropertyValueSpecification\",\"valueRequired\":true,\"valueName\":\"search_term_string\"}}],\"inLanguage\":\"es\"}]}<\/script>\n<!-- \/ Yoast SEO plugin. -->","yoast_head_json":{"title":"Solicite lentes de contacto en l\u00ednea - Lederman &amp; Lederman, LLP","robots":{"index":"index","follow":"follow","max-snippet":"max-snippet:-1","max-image-preview":"max-image-preview:large","max-video-preview":"max-video-preview:-1"},"canonical":"https:\/\/www.childrenseyemd.com\/es\/solicite-lentes-de-contacto-en-linea\/","og_locale":"es_ES","og_type":"article","og_title":"Solicite lentes de contacto en l\u00ednea - Lederman &amp; Lederman, LLP","og_description":"Solicite lentes de contacto en l\u00ednea Nos complace ofrecerle la comodidad de solicitar lentes de contacto en l\u00ednea. Si a\u00fan no ha recibido un correo electr\u00f3nico de Yourlens\u00a0con su informaci\u00f3n de inicio de sesi\u00f3n, llame al 914-417-6441 y hable con Karla, o env\u00edele un correo electr\u00f3nico a\u00a03020karla@gmail.com. EXENCI\u00d3N DE CORREO ELECTR\u00d3NICO de Yourlens Una vez...","og_url":"https:\/\/www.childrenseyemd.com\/es\/solicite-lentes-de-contacto-en-linea\/","og_site_name":"Lederman &amp; Lederman, LLP","article_modified_time":"2023-07-20T15:20:09+00:00","twitter_card":"summary_large_image","twitter_misc":{"Tiempo de lectura":"1 minuto"},"schema":{"@context":"https:\/\/schema.org","@graph":[{"@type":"WebPage","@id":"https:\/\/www.childrenseyemd.com\/es\/solicite-lentes-de-contacto-en-linea\/","url":"https:\/\/www.childrenseyemd.com\/es\/solicite-lentes-de-contacto-en-linea\/","name":"Solicite lentes de contacto en l\u00ednea - Lederman &amp; Lederman, LLP","isPartOf":{"@id":"https:\/\/www.childrenseyemd.com\/es\/#website"},"datePublished":"2017-02-14T20:49:23+00:00","dateModified":"2023-07-20T15:20:09+00:00","breadcrumb":{"@id":"https:\/\/www.childrenseyemd.com\/es\/solicite-lentes-de-contacto-en-linea\/#breadcrumb"},"inLanguage":"es","potentialAction":[{"@type":"ReadAction","target":["https:\/\/www.childrenseyemd.com\/es\/solicite-lentes-de-contacto-en-linea\/"]}]},{"@type":"BreadcrumbList","@id":"https:\/\/www.childrenseyemd.com\/es\/solicite-lentes-de-contacto-en-linea\/#breadcrumb","itemListElement":[{"@type":"ListItem","position":1,"name":"Home","item":"https:\/\/www.childrenseyemd.com\/es\/"},{"@type":"ListItem","position":2,"name":"Solicite lentes de contacto en l\u00ednea"}]},{"@type":"WebSite","@id":"https:\/\/www.childrenseyemd.com\/es\/#website","url":"https:\/\/www.childrenseyemd.com\/es\/","name":"Lederman &amp; Lederman, LLP","description":"","potentialAction":[{"@type":"SearchAction","target":{"@type":"EntryPoint","urlTemplate":"https:\/\/www.childrenseyemd.com\/es\/?s={search_term_string}"},"query-input":{"@type":"PropertyValueSpecification","valueRequired":true,"valueName":"search_term_string"}}],"inLanguage":"es"}]}},"_links":{"self":[{"href":"https:\/\/www.childrenseyemd.com\/es\/wp-json\/wp\/v2\/pages\/647","targetHints":{"allow":["GET"]}}],"collection":[{"href":"https:\/\/www.childrenseyemd.com\/es\/wp-json\/wp\/v2\/pages"}],"about":[{"href":"https:\/\/www.childrenseyemd.com\/es\/wp-json\/wp\/v2\/types\/page"}],"author":[{"embeddable":true,"href":"https:\/\/www.childrenseyemd.com\/es\/wp-json\/wp\/v2\/users\/5"}],"replies":[{"embeddable":true,"href":"https:\/\/www.childrenseyemd.com\/es\/wp-json\/wp\/v2\/comments?post=647"}],"version-history":[{"count":0,"href":"https:\/\/www.childrenseyemd.com\/es\/wp-json\/wp\/v2\/pages\/647\/revisions"}],"wp:attachment":[{"href":"https:\/\/www.childrenseyemd.com\/es\/wp-json\/wp\/v2\/media?parent=647"}],"curies":[{"name":"wp","href":"https:\/\/api.w.org\/{rel}","templated":true}]}}