{"id":641,"date":"2017-10-18T14:29:17","date_gmt":"2017-10-18T18:29:17","guid":{"rendered":"https:\/\/www.childrenseyemd.com\/lederman-and-lederman-privacy-policy-2\/"},"modified":"2023-10-23T10:50:08","modified_gmt":"2023-10-23T14:50:08","slug":"politicas-de-privacidad","status":"publish","type":"page","link":"https:\/\/www.childrenseyemd.com\/es\/politicas-de-privacidad\/","title":{"rendered":"POL\u00cdTICAS DE PRIVACIDAD"},"content":{"rendered":"\n<h1 class=\"wp-block-heading\">PATIENT HIPAA AWARENESS &amp; RIGHTS<\/h1>\n\n\n\n<h2 class=\"wp-block-heading\">AVISO DE POL\u00cdTICAS DE PRIVACIDAD CON VIGENCIA 2023<\/h2>\n\n\n\n<p>Revise la informaci\u00f3n a continuaci\u00f3n, que explica c\u00f3mo se puede utilizar su informaci\u00f3n m\u00e9dica y c\u00f3mo puede acceder a ella. Si tiene alguna pregunta adicional, no dude en contactarnos. Durante su primera visita, se le pedir\u00e1 que firme un formulario que aborda la informaci\u00f3n que se analiza a continuaci\u00f3n.<\/p>\n\n\n\n<p>Con su permiso, Lederman and Lederman, LLP puede usar y divulgar informaci\u00f3n de salud protegida (PHI) sobre usted para llevar a cabo tratamientos, pagos y operaciones (TPO). Consulte el Aviso de pr\u00e1cticas de privacidad de Lederman and Lederman, LLP para obtener una descripci\u00f3n m\u00e1s completa de dichos usos y divulgaciones.<\/p>\n\n\n\n<p>Tiene derecho a revisar el Aviso de pr\u00e1cticas de privacidad antes de firmar este consentimiento. Lederman and Lederman, LLP se reserva el derecho de revisar su Aviso de pr\u00e1cticas en cualquier momento. Se puede obtener un Aviso de pr\u00e1cticas de privacidad revisado enviando una solicitud por escrito al Oficial de privacidad.<\/p>\n\n\n\n<p>Con su permiso, la oficina de Lederman and Lederman, LLP puede llamar a su casa u otros lugares designados y dejar un mensaje en el correo de voz o en persona en referencia a cualquier elemento que ayude a la pr\u00e1ctica a llevar a cabo la TPO, como recordatorios de citas, seguro art\u00edculos y cualquier llamada relacionada con mi atenci\u00f3n cl\u00ednica, incluidos resultados de laboratorio, entre otros.<\/p>\n\n\n\n<p>Con su permiso, la oficina de Lederman and Lederman, LLP puede utilizar un servicio de recordatorio de citas por SMS. La frecuencia de los mensajes puede variar y pueden aplicarse tarifas de datos. Los usuarios pueden enviar un mensaje de texto con la palabra clave STOP para optar por no participar. Para obtener ayuda, comun\u00edquese con la oficina al 914-417-6441. Los transportistas no son responsables de los mensajes retrasados \u200b\u200bo no entregados. No se compartir\u00e1 ninguna informaci\u00f3n m\u00f3vil con terceros\/afiliados con fines de marketing\/promoci\u00f3n. Todas las categor\u00edas anteriores excluyen los mensajes de texto, los datos de suscripci\u00f3n voluntaria del originador y el consentimiento. Esta informaci\u00f3n no ser\u00e1 compartida con terceros.<\/p>\n\n\n\n<p>Con su permiso, la oficina de Lederman and Lederman, LLP puede enviar por correo a su hogar u otro lugar designado cualquier art\u00edculo que ayude a la pr\u00e1ctica a cumplir con nuestra TPO, como tarjetas de recordatorio de citas y declaraciones de pacientes.<\/p>\n\n\n\n<p>Usted le da permiso a Lederman y Lederman, LLP para divulgar informaci\u00f3n a las autoridades escolares.<\/p>\n\n\n\n<p>Con su permiso, la oficina de Lederman and Lederman, LLP puede enviar por correo electr\u00f3nico a su casa u otra ubicaci\u00f3n designada cualquier elemento que ayude a la pr\u00e1ctica a llevar a cabo la TPO, como tarjetas de recordatorio de citas y declaraciones de pacientes. Tiene derecho a solicitar que Lederman and Lederman, LLP restrinja la forma en que utiliza o divulga su PHI para llevar a cabo la TPO. Sin embargo, no se requiere que la pr\u00e1ctica acepte las restricciones solicitadas, pero si lo hace, est\u00e1 sujeta a este acuerdo.<\/p>\n\n\n\n<p>Lederman and Lederman, LLP puede usar y divulgar su PHI para TPO.<\/p>\n\n\n\n<p>Puede revocar su consentimiento por escrito, excepto en la medida en que la pr\u00e1ctica ya haya hecho divulgaciones bas\u00e1ndose en su solicitud previa.<\/p>\n\n\n\n<p>Puede obtener una copia de sus registros m\u00e9dicos. Imprima y complete el <a href=\"https:\/\/www.childrenseyemd.com\/wp-content\/uploads\/2023\/10\/PATIENT-HIPAA-AWARENESS-AND-TELEMEDICINE-CONSENT_ES-01.pdf\">Formulario de divulgaci\u00f3n de informaci\u00f3n del paciente<\/a> y devu\u00e9lvalo. Le proporcionaremos una copia o un resumen de su informaci\u00f3n de salud, generalmente dentro de los 30 d\u00edas posteriores a su solicitud.<\/p>\n\n\n\n<p><\/p>\n","protected":false},"excerpt":{"rendered":"<p>PATIENT HIPAA AWARENESS &amp; RIGHTS AVISO DE POL\u00cdTICAS DE PRIVACIDAD CON VIGENCIA 2023 Revise la informaci\u00f3n a continuaci\u00f3n, que explica c\u00f3mo se puede utilizar su informaci\u00f3n m\u00e9dica y c\u00f3mo puede acceder a ella. Si tiene alguna pregunta adicional, no dude en contactarnos. Durante su primera visita, se le pedir\u00e1 que firme un formulario que aborda&#8230;<\/p>\n","protected":false},"author":5,"featured_media":0,"parent":0,"menu_order":0,"comment_status":"closed","ping_status":"closed","template":"","meta":{"footnotes":""},"class_list":["post-641","page","type-page","status-publish","hentry"],"yoast_head":"<!-- This site is optimized with the Yoast SEO plugin v27.5 - https:\/\/yoast.com\/product\/yoast-seo-wordpress\/ -->\n<title>POL\u00cdTICAS DE PRIVACIDAD - Lederman &amp; Lederman, LLP<\/title>\n<meta name=\"robots\" content=\"index, follow, max-snippet:-1, max-image-preview:large, max-video-preview:-1\" \/>\n<link rel=\"canonical\" href=\"https:\/\/www.childrenseyemd.com\/es\/politicas-de-privacidad\/\" \/>\n<meta property=\"og:locale\" content=\"es_ES\" \/>\n<meta property=\"og:type\" content=\"article\" \/>\n<meta property=\"og:title\" content=\"POL\u00cdTICAS DE PRIVACIDAD - Lederman &amp; Lederman, LLP\" \/>\n<meta property=\"og:description\" content=\"PATIENT HIPAA AWARENESS &amp; RIGHTS AVISO DE POL\u00cdTICAS DE PRIVACIDAD CON VIGENCIA 2023 Revise la informaci\u00f3n a continuaci\u00f3n, que explica c\u00f3mo se puede utilizar su informaci\u00f3n m\u00e9dica y c\u00f3mo puede acceder a ella. Si tiene alguna pregunta adicional, no dude en contactarnos. Durante su primera visita, se le pedir\u00e1 que firme un formulario que aborda...\" \/>\n<meta property=\"og:url\" content=\"https:\/\/www.childrenseyemd.com\/es\/politicas-de-privacidad\/\" \/>\n<meta property=\"og:site_name\" content=\"Lederman &amp; Lederman, LLP\" \/>\n<meta property=\"article:modified_time\" content=\"2023-10-23T14:50:08+00:00\" \/>\n<meta name=\"twitter:card\" content=\"summary_large_image\" \/>\n<script type=\"application\/ld+json\" class=\"yoast-schema-graph\">{\"@context\":\"https:\\\/\\\/schema.org\",\"@graph\":[{\"@type\":\"WebPage\",\"@id\":\"https:\\\/\\\/www.childrenseyemd.com\\\/es\\\/politicas-de-privacidad\\\/\",\"url\":\"https:\\\/\\\/www.childrenseyemd.com\\\/es\\\/politicas-de-privacidad\\\/\",\"name\":\"POL\u00cdTICAS DE PRIVACIDAD - Lederman &amp; Lederman, LLP\",\"isPartOf\":{\"@id\":\"https:\\\/\\\/www.childrenseyemd.com\\\/es\\\/#website\"},\"datePublished\":\"2017-10-18T18:29:17+00:00\",\"dateModified\":\"2023-10-23T14:50:08+00:00\",\"breadcrumb\":{\"@id\":\"https:\\\/\\\/www.childrenseyemd.com\\\/es\\\/politicas-de-privacidad\\\/#breadcrumb\"},\"inLanguage\":\"es\",\"potentialAction\":[{\"@type\":\"ReadAction\",\"target\":[\"https:\\\/\\\/www.childrenseyemd.com\\\/es\\\/politicas-de-privacidad\\\/\"]}]},{\"@type\":\"BreadcrumbList\",\"@id\":\"https:\\\/\\\/www.childrenseyemd.com\\\/es\\\/politicas-de-privacidad\\\/#breadcrumb\",\"itemListElement\":[{\"@type\":\"ListItem\",\"position\":1,\"name\":\"Home\",\"item\":\"https:\\\/\\\/www.childrenseyemd.com\\\/es\\\/\"},{\"@type\":\"ListItem\",\"position\":2,\"name\":\"POL\u00cdTICAS DE PRIVACIDAD\"}]},{\"@type\":\"WebSite\",\"@id\":\"https:\\\/\\\/www.childrenseyemd.com\\\/es\\\/#website\",\"url\":\"https:\\\/\\\/www.childrenseyemd.com\\\/es\\\/\",\"name\":\"Lederman &amp; Lederman, LLP\",\"description\":\"\",\"potentialAction\":[{\"@type\":\"SearchAction\",\"target\":{\"@type\":\"EntryPoint\",\"urlTemplate\":\"https:\\\/\\\/www.childrenseyemd.com\\\/es\\\/?s={search_term_string}\"},\"query-input\":{\"@type\":\"PropertyValueSpecification\",\"valueRequired\":true,\"valueName\":\"search_term_string\"}}],\"inLanguage\":\"es\"}]}<\/script>\n<!-- \/ Yoast SEO plugin. -->","yoast_head_json":{"title":"POL\u00cdTICAS DE PRIVACIDAD - Lederman &amp; Lederman, LLP","robots":{"index":"index","follow":"follow","max-snippet":"max-snippet:-1","max-image-preview":"max-image-preview:large","max-video-preview":"max-video-preview:-1"},"canonical":"https:\/\/www.childrenseyemd.com\/es\/politicas-de-privacidad\/","og_locale":"es_ES","og_type":"article","og_title":"POL\u00cdTICAS DE PRIVACIDAD - Lederman &amp; Lederman, LLP","og_description":"PATIENT HIPAA AWARENESS &amp; RIGHTS AVISO DE POL\u00cdTICAS DE PRIVACIDAD CON VIGENCIA 2023 Revise la informaci\u00f3n a continuaci\u00f3n, que explica c\u00f3mo se puede utilizar su informaci\u00f3n m\u00e9dica y c\u00f3mo puede acceder a ella. Si tiene alguna pregunta adicional, no dude en contactarnos. Durante su primera visita, se le pedir\u00e1 que firme un formulario que aborda...","og_url":"https:\/\/www.childrenseyemd.com\/es\/politicas-de-privacidad\/","og_site_name":"Lederman &amp; Lederman, LLP","article_modified_time":"2023-10-23T14:50:08+00:00","twitter_card":"summary_large_image","schema":{"@context":"https:\/\/schema.org","@graph":[{"@type":"WebPage","@id":"https:\/\/www.childrenseyemd.com\/es\/politicas-de-privacidad\/","url":"https:\/\/www.childrenseyemd.com\/es\/politicas-de-privacidad\/","name":"POL\u00cdTICAS DE PRIVACIDAD - Lederman &amp; Lederman, LLP","isPartOf":{"@id":"https:\/\/www.childrenseyemd.com\/es\/#website"},"datePublished":"2017-10-18T18:29:17+00:00","dateModified":"2023-10-23T14:50:08+00:00","breadcrumb":{"@id":"https:\/\/www.childrenseyemd.com\/es\/politicas-de-privacidad\/#breadcrumb"},"inLanguage":"es","potentialAction":[{"@type":"ReadAction","target":["https:\/\/www.childrenseyemd.com\/es\/politicas-de-privacidad\/"]}]},{"@type":"BreadcrumbList","@id":"https:\/\/www.childrenseyemd.com\/es\/politicas-de-privacidad\/#breadcrumb","itemListElement":[{"@type":"ListItem","position":1,"name":"Home","item":"https:\/\/www.childrenseyemd.com\/es\/"},{"@type":"ListItem","position":2,"name":"POL\u00cdTICAS DE PRIVACIDAD"}]},{"@type":"WebSite","@id":"https:\/\/www.childrenseyemd.com\/es\/#website","url":"https:\/\/www.childrenseyemd.com\/es\/","name":"Lederman &amp; Lederman, LLP","description":"","potentialAction":[{"@type":"SearchAction","target":{"@type":"EntryPoint","urlTemplate":"https:\/\/www.childrenseyemd.com\/es\/?s={search_term_string}"},"query-input":{"@type":"PropertyValueSpecification","valueRequired":true,"valueName":"search_term_string"}}],"inLanguage":"es"}]}},"_links":{"self":[{"href":"https:\/\/www.childrenseyemd.com\/es\/wp-json\/wp\/v2\/pages\/641","targetHints":{"allow":["GET"]}}],"collection":[{"href":"https:\/\/www.childrenseyemd.com\/es\/wp-json\/wp\/v2\/pages"}],"about":[{"href":"https:\/\/www.childrenseyemd.com\/es\/wp-json\/wp\/v2\/types\/page"}],"author":[{"embeddable":true,"href":"https:\/\/www.childrenseyemd.com\/es\/wp-json\/wp\/v2\/users\/5"}],"replies":[{"embeddable":true,"href":"https:\/\/www.childrenseyemd.com\/es\/wp-json\/wp\/v2\/comments?post=641"}],"version-history":[{"count":0,"href":"https:\/\/www.childrenseyemd.com\/es\/wp-json\/wp\/v2\/pages\/641\/revisions"}],"wp:attachment":[{"href":"https:\/\/www.childrenseyemd.com\/es\/wp-json\/wp\/v2\/media?parent=641"}],"curies":[{"name":"wp","href":"https:\/\/api.w.org\/{rel}","templated":true}]}}