{"id":638,"date":"2017-02-02T14:50:37","date_gmt":"2017-02-02T18:50:37","guid":{"rendered":"https:\/\/www.childrenseyemd.com\/helpful-tips-for-healthy-eyes\/"},"modified":"2021-09-24T15:13:31","modified_gmt":"2021-09-24T19:13:31","slug":"consejos-utiles-para-ojos-saludables","status":"publish","type":"page","link":"https:\/\/www.childrenseyemd.com\/es\/consejos-utiles-para-ojos-saludables\/","title":{"rendered":"CONSEJOS \u00daTILES PARA OJOS SALUDABLES"},"content":{"rendered":"<h3 style=\"text-align: center;\">CONSEJOS \u00daTILES PARA OJOS SALUDABLES<\/h3>\n<h4 style=\"text-align: center;\">Con frecuencia publicamos consejos en nuestra p\u00e1gina de Facebook sobre la salud de los ojos y el desarrollo de sus hijos. Incluso si no usa <a href=\"https:\/\/www.facebook.com\/peds.ophtho\/\">Facebook<\/a>, haga clic en cualquier art\u00edculo a continuaci\u00f3n para obtener datos y sugerencias fascinantes.<\/h4>\n<div class=\"col\">\n<ul>\n<li><a href=\"https:\/\/www.scarymommy.com\/st-john-ambulance-makes-infant-cpr-video\/\">RCP para beb\u00e9s<\/a><\/li>\n<li><a href=\"https:\/\/www.nytimes.com\/2017\/01\/19\/well\/live\/for-better-vision-let-the-sunshine-in.html?rref=collection%252Fsectioncollection%252Fmagazine&amp;action=click&amp;contentCollection=magazine&amp;region=stream&amp;module=stream_unit&amp;version=latest&amp;contentPlacement=7&amp;pgtype=sectionfront&amp;_r=0&amp;referer=\">Reducir la miop\u00eda<\/a><\/li>\n<li><a href=\"https:\/\/www.businessinsider.com\/what-a-baby-can-see-every-month-for-the-first-year-of-its-life-2017-1?utm_content=buffer73790&amp;utm_medium=social&amp;utm_source=facebook.com&amp;utm_campaign=buffer&amp;r=UK&amp;IR=T\">\u00bfQu\u00e9 est\u00e1 viendo mi beb\u00e9?<\/a><\/li>\n<li><a href=\"https:\/\/www.aao.org\/eye-health\/tips-prevention\/your-blue-eyes-arent-really-blue\">Por qu\u00e9 los ojos azules se ven azules<\/a><\/li>\n<li><a href=\"https:\/\/parenting.blogs.nytimes.com\/2014\/08\/15\/how-does-a-2-year-old-wear-glasses-not-very-carefully\/?_php=true&amp;_type=blogs&amp;_r=0&amp;mtrref=www.childrenseyemd.com&amp;gwh=563E8EAB7E3FA7BCC00D777977EA7B93&amp;gwt=pay&amp;assetType=PAYWALL\">Ni\u00f1os peque\u00f1os y anteojos<\/a><\/li>\n<li><a href=\"https:\/\/www.nytimes.com\/2014\/06\/24\/us\/pediatrics-group-to-recommend-reading-aloud-to-children-from-birth.html\">Empiece a leerle a su hijo a una edad temprana<\/a><\/li>\n<li>Proteja los ojos de su ni\u00f1o peque\u00f1o de estos qu\u00edmicos peligrosos<\/li>\n<\/ul>\n<\/div>\n<div class=\"col\">\n<ul>\n<li><a href=\"https:\/\/www.nytimes.com\/2016\/12\/12\/well\/family\/why-doctors-still-worry-about-measles.html?_r=0\">\u00bfPor qu\u00e9 el sarampi\u00f3n es un problema y por qu\u00e9 debemos proteger a nuestros hijos?<\/a><\/li>\n<li><a href=\"https:\/\/www.aao.org\/eye-health\/news\/buying-safe-toys\">Juguetes seguros para los ojos de sus hijos y que no debe conseguir<\/a><\/li>\n<li><a href=\"https:\/\/www.aao.org\/eye-health\/tips-prevention\/moving-spots-in-blue-sky\">\u00bfPor qu\u00e9 veo objetos flotantes cuando miro al cielo?<\/a><\/li>\n<li><a href=\"https:\/\/www.aao.org\/eye-health\/news\/four-ways-costume-contact-lenses-ruin-vision\">Por qu\u00e9 los lentes de contacto cosm\u00e9ticos y de disfraces son peligrosos y c\u00f3mo pueden provocar la p\u00e9rdida de la visi\u00f3n<\/a><\/li>\n<\/ul>\n<\/div>\n","protected":false},"excerpt":{"rendered":"<p>CONSEJOS \u00daTILES PARA OJOS SALUDABLES Con frecuencia publicamos consejos en nuestra p\u00e1gina de Facebook sobre la salud de los ojos y el desarrollo de sus hijos. Incluso si no usa Facebook, haga clic en cualquier art\u00edculo a continuaci\u00f3n para obtener datos y sugerencias fascinantes.<\/p>\n","protected":false},"author":5,"featured_media":0,"parent":0,"menu_order":0,"comment_status":"closed","ping_status":"closed","template":"","meta":{"footnotes":""},"class_list":["post-638","page","type-page","status-publish","hentry"],"yoast_head":"<!-- This site is optimized with the Yoast SEO plugin v27.5 - https:\/\/yoast.com\/product\/yoast-seo-wordpress\/ -->\n<title>CONSEJOS \u00daTILES PARA OJOS SALUDABLES - Lederman &amp; Lederman, LLP<\/title>\n<meta name=\"robots\" content=\"index, follow, max-snippet:-1, max-image-preview:large, max-video-preview:-1\" \/>\n<link rel=\"canonical\" href=\"https:\/\/www.childrenseyemd.com\/es\/consejos-utiles-para-ojos-saludables\/\" \/>\n<meta property=\"og:locale\" content=\"es_ES\" \/>\n<meta property=\"og:type\" content=\"article\" \/>\n<meta property=\"og:title\" content=\"CONSEJOS \u00daTILES PARA OJOS SALUDABLES - Lederman &amp; Lederman, LLP\" \/>\n<meta property=\"og:description\" content=\"CONSEJOS \u00daTILES PARA OJOS SALUDABLES Con frecuencia publicamos consejos en nuestra p\u00e1gina de Facebook sobre la salud de los ojos y el desarrollo de sus hijos. Incluso si no usa Facebook, haga clic en cualquier art\u00edculo a continuaci\u00f3n para obtener datos y sugerencias fascinantes.\" \/>\n<meta property=\"og:url\" content=\"https:\/\/www.childrenseyemd.com\/es\/consejos-utiles-para-ojos-saludables\/\" \/>\n<meta property=\"og:site_name\" content=\"Lederman &amp; Lederman, LLP\" \/>\n<meta property=\"article:modified_time\" content=\"2021-09-24T19:13:31+00:00\" \/>\n<meta name=\"twitter:card\" content=\"summary_large_image\" \/>\n<meta name=\"twitter:label1\" content=\"Tiempo de lectura\" \/>\n\t<meta name=\"twitter:data1\" content=\"1 minuto\" \/>\n<script type=\"application\/ld+json\" class=\"yoast-schema-graph\">{\"@context\":\"https:\\\/\\\/schema.org\",\"@graph\":[{\"@type\":\"WebPage\",\"@id\":\"https:\\\/\\\/www.childrenseyemd.com\\\/es\\\/consejos-utiles-para-ojos-saludables\\\/\",\"url\":\"https:\\\/\\\/www.childrenseyemd.com\\\/es\\\/consejos-utiles-para-ojos-saludables\\\/\",\"name\":\"CONSEJOS \u00daTILES PARA OJOS SALUDABLES - Lederman &amp; Lederman, LLP\",\"isPartOf\":{\"@id\":\"https:\\\/\\\/www.childrenseyemd.com\\\/es\\\/#website\"},\"datePublished\":\"2017-02-02T18:50:37+00:00\",\"dateModified\":\"2021-09-24T19:13:31+00:00\",\"breadcrumb\":{\"@id\":\"https:\\\/\\\/www.childrenseyemd.com\\\/es\\\/consejos-utiles-para-ojos-saludables\\\/#breadcrumb\"},\"inLanguage\":\"es\",\"potentialAction\":[{\"@type\":\"ReadAction\",\"target\":[\"https:\\\/\\\/www.childrenseyemd.com\\\/es\\\/consejos-utiles-para-ojos-saludables\\\/\"]}]},{\"@type\":\"BreadcrumbList\",\"@id\":\"https:\\\/\\\/www.childrenseyemd.com\\\/es\\\/consejos-utiles-para-ojos-saludables\\\/#breadcrumb\",\"itemListElement\":[{\"@type\":\"ListItem\",\"position\":1,\"name\":\"Home\",\"item\":\"https:\\\/\\\/www.childrenseyemd.com\\\/es\\\/\"},{\"@type\":\"ListItem\",\"position\":2,\"name\":\"CONSEJOS \u00daTILES PARA OJOS SALUDABLES\"}]},{\"@type\":\"WebSite\",\"@id\":\"https:\\\/\\\/www.childrenseyemd.com\\\/es\\\/#website\",\"url\":\"https:\\\/\\\/www.childrenseyemd.com\\\/es\\\/\",\"name\":\"Lederman &amp; Lederman, LLP\",\"description\":\"\",\"potentialAction\":[{\"@type\":\"SearchAction\",\"target\":{\"@type\":\"EntryPoint\",\"urlTemplate\":\"https:\\\/\\\/www.childrenseyemd.com\\\/es\\\/?s={search_term_string}\"},\"query-input\":{\"@type\":\"PropertyValueSpecification\",\"valueRequired\":true,\"valueName\":\"search_term_string\"}}],\"inLanguage\":\"es\"}]}<\/script>\n<!-- \/ Yoast SEO plugin. -->","yoast_head_json":{"title":"CONSEJOS \u00daTILES PARA OJOS SALUDABLES - Lederman &amp; Lederman, LLP","robots":{"index":"index","follow":"follow","max-snippet":"max-snippet:-1","max-image-preview":"max-image-preview:large","max-video-preview":"max-video-preview:-1"},"canonical":"https:\/\/www.childrenseyemd.com\/es\/consejos-utiles-para-ojos-saludables\/","og_locale":"es_ES","og_type":"article","og_title":"CONSEJOS \u00daTILES PARA OJOS SALUDABLES - Lederman &amp; Lederman, LLP","og_description":"CONSEJOS \u00daTILES PARA OJOS SALUDABLES Con frecuencia publicamos consejos en nuestra p\u00e1gina de Facebook sobre la salud de los ojos y el desarrollo de sus hijos. Incluso si no usa Facebook, haga clic en cualquier art\u00edculo a continuaci\u00f3n para obtener datos y sugerencias fascinantes.","og_url":"https:\/\/www.childrenseyemd.com\/es\/consejos-utiles-para-ojos-saludables\/","og_site_name":"Lederman &amp; Lederman, LLP","article_modified_time":"2021-09-24T19:13:31+00:00","twitter_card":"summary_large_image","twitter_misc":{"Tiempo de lectura":"1 minuto"},"schema":{"@context":"https:\/\/schema.org","@graph":[{"@type":"WebPage","@id":"https:\/\/www.childrenseyemd.com\/es\/consejos-utiles-para-ojos-saludables\/","url":"https:\/\/www.childrenseyemd.com\/es\/consejos-utiles-para-ojos-saludables\/","name":"CONSEJOS \u00daTILES PARA OJOS SALUDABLES - Lederman &amp; Lederman, LLP","isPartOf":{"@id":"https:\/\/www.childrenseyemd.com\/es\/#website"},"datePublished":"2017-02-02T18:50:37+00:00","dateModified":"2021-09-24T19:13:31+00:00","breadcrumb":{"@id":"https:\/\/www.childrenseyemd.com\/es\/consejos-utiles-para-ojos-saludables\/#breadcrumb"},"inLanguage":"es","potentialAction":[{"@type":"ReadAction","target":["https:\/\/www.childrenseyemd.com\/es\/consejos-utiles-para-ojos-saludables\/"]}]},{"@type":"BreadcrumbList","@id":"https:\/\/www.childrenseyemd.com\/es\/consejos-utiles-para-ojos-saludables\/#breadcrumb","itemListElement":[{"@type":"ListItem","position":1,"name":"Home","item":"https:\/\/www.childrenseyemd.com\/es\/"},{"@type":"ListItem","position":2,"name":"CONSEJOS \u00daTILES PARA OJOS SALUDABLES"}]},{"@type":"WebSite","@id":"https:\/\/www.childrenseyemd.com\/es\/#website","url":"https:\/\/www.childrenseyemd.com\/es\/","name":"Lederman &amp; Lederman, LLP","description":"","potentialAction":[{"@type":"SearchAction","target":{"@type":"EntryPoint","urlTemplate":"https:\/\/www.childrenseyemd.com\/es\/?s={search_term_string}"},"query-input":{"@type":"PropertyValueSpecification","valueRequired":true,"valueName":"search_term_string"}}],"inLanguage":"es"}]}},"_links":{"self":[{"href":"https:\/\/www.childrenseyemd.com\/es\/wp-json\/wp\/v2\/pages\/638","targetHints":{"allow":["GET"]}}],"collection":[{"href":"https:\/\/www.childrenseyemd.com\/es\/wp-json\/wp\/v2\/pages"}],"about":[{"href":"https:\/\/www.childrenseyemd.com\/es\/wp-json\/wp\/v2\/types\/page"}],"author":[{"embeddable":true,"href":"https:\/\/www.childrenseyemd.com\/es\/wp-json\/wp\/v2\/users\/5"}],"replies":[{"embeddable":true,"href":"https:\/\/www.childrenseyemd.com\/es\/wp-json\/wp\/v2\/comments?post=638"}],"version-history":[{"count":0,"href":"https:\/\/www.childrenseyemd.com\/es\/wp-json\/wp\/v2\/pages\/638\/revisions"}],"wp:attachment":[{"href":"https:\/\/www.childrenseyemd.com\/es\/wp-json\/wp\/v2\/media?parent=638"}],"curies":[{"name":"wp","href":"https:\/\/api.w.org\/{rel}","templated":true}]}}