{"id":632,"date":"2015-08-27T12:15:00","date_gmt":"2015-08-27T12:15:00","guid":{"rendered":"https:\/\/www.childrenseyemd.com\/to-our-adult-patients\/"},"modified":"2021-09-24T15:01:46","modified_gmt":"2021-09-24T19:01:46","slug":"a-nuestros-pacientes-adultos","status":"publish","type":"page","link":"https:\/\/www.childrenseyemd.com\/es\/a-nuestros-pacientes-adultos\/","title":{"rendered":"A nuestros pacientes adultos"},"content":{"rendered":"<h2>A nuestros pacientes adultos<\/h2>\n<p>Evaluamos y tratamos a pacientes adultos, generalmente por referencias, que tienen problemas relacionados con estrabismo (ojos desalineados), diplop\u00eda (visi\u00f3n doble) u otros trastornos complejos de los m\u00fasculos oculares o visuales.<\/p>\n<p>Existe una gran cantidad de interacci\u00f3n entre los campos de la Oftalmolog\u00eda Pedi\u00e1trica y el Estrabismo en Adultos. En ambos campos se utilizan t\u00e9cnicas de evaluaci\u00f3n y tratamientos similares. Trabajaremos en estrecha colaboraci\u00f3n con su m\u00e9dico remitente y es posible que solicitemos consultas de otros m\u00e9dicos para desarrollar un plan de tratamiento para usted. Los tratamientos pueden requerir anteojos, prismas, medicamentos, ejercicios o cirug\u00eda.<\/p>\n<p>Por favor, traiga sus anteojos m\u00e1s recientes. Por seguridad, planifique tener alguien que lo acompa\u00f1e. El examen inicial generalmente requerir\u00e1 gotas dilatadoras que relajar\u00e1n su enfoque y nublar\u00e1n su visi\u00f3n.<\/p>\n<h5>Su visita inicial a nuestra oficina durar\u00e1 aproximadamente 1 1\/2 horas.<\/h5>\n<p><a href=\"https:\/\/www.childrenseyemd.com\/es\/politica-de-cancelacion-y-no-show\/\">POR FAVOR VEA NUESTRA POL\u00cdTICA DE CANCELACI\u00d3N Y NO SHOW.<\/a><\/p>\n","protected":false},"excerpt":{"rendered":"<p>A nuestros pacientes adultos Evaluamos y tratamos a pacientes adultos, generalmente por referencias, que tienen problemas relacionados con estrabismo (ojos desalineados), diplop\u00eda (visi\u00f3n doble) u otros trastornos complejos de los m\u00fasculos oculares o visuales. Existe una gran cantidad de interacci\u00f3n entre los campos de la Oftalmolog\u00eda Pedi\u00e1trica y el Estrabismo en Adultos. En ambos campos&#8230;<\/p>\n","protected":false},"author":5,"featured_media":0,"parent":0,"menu_order":0,"comment_status":"closed","ping_status":"closed","template":"","meta":{"footnotes":""},"class_list":["post-632","page","type-page","status-publish","hentry"],"yoast_head":"<!-- This site is optimized with the Yoast SEO plugin v27.6 - https:\/\/yoast.com\/product\/yoast-seo-wordpress\/ -->\n<title>A nuestros pacientes adultos - Lederman &amp; Lederman, LLP<\/title>\n<meta name=\"description\" content=\"At Children Eye Md we evaluate and treat adult patients, who have problems related to strabismus (misaligned eyes), diplopia (double vision), or other complex visual or eye muscle disorders.\" \/>\n<meta name=\"robots\" content=\"index, follow, max-snippet:-1, max-image-preview:large, max-video-preview:-1\" \/>\n<link rel=\"canonical\" href=\"https:\/\/www.childrenseyemd.com\/es\/a-nuestros-pacientes-adultos\/\" \/>\n<meta property=\"og:locale\" content=\"es_ES\" \/>\n<meta property=\"og:type\" content=\"article\" \/>\n<meta property=\"og:title\" content=\"A nuestros pacientes adultos - Lederman &amp; Lederman, LLP\" \/>\n<meta property=\"og:description\" content=\"At Children Eye Md we evaluate and treat adult patients, who have problems related to strabismus (misaligned eyes), diplopia (double vision), or other complex visual or eye muscle disorders.\" \/>\n<meta property=\"og:url\" content=\"https:\/\/www.childrenseyemd.com\/es\/a-nuestros-pacientes-adultos\/\" \/>\n<meta property=\"og:site_name\" content=\"Lederman &amp; Lederman, LLP\" \/>\n<meta property=\"article:modified_time\" content=\"2021-09-24T19:01:46+00:00\" \/>\n<meta name=\"twitter:card\" content=\"summary_large_image\" \/>\n<meta name=\"twitter:label1\" content=\"Tiempo de lectura\" \/>\n\t<meta name=\"twitter:data1\" content=\"1 minuto\" \/>\n<script type=\"application\/ld+json\" class=\"yoast-schema-graph\">{\"@context\":\"https:\\\/\\\/schema.org\",\"@graph\":[{\"@type\":\"WebPage\",\"@id\":\"https:\\\/\\\/www.childrenseyemd.com\\\/es\\\/a-nuestros-pacientes-adultos\\\/\",\"url\":\"https:\\\/\\\/www.childrenseyemd.com\\\/es\\\/a-nuestros-pacientes-adultos\\\/\",\"name\":\"A nuestros pacientes adultos - Lederman &amp; Lederman, LLP\",\"isPartOf\":{\"@id\":\"https:\\\/\\\/www.childrenseyemd.com\\\/es\\\/#website\"},\"datePublished\":\"2015-08-27T12:15:00+00:00\",\"dateModified\":\"2021-09-24T19:01:46+00:00\",\"description\":\"At Children Eye Md we evaluate and treat adult patients, who have problems related to strabismus (misaligned eyes), diplopia (double vision), or other complex visual or eye muscle disorders.\",\"breadcrumb\":{\"@id\":\"https:\\\/\\\/www.childrenseyemd.com\\\/es\\\/a-nuestros-pacientes-adultos\\\/#breadcrumb\"},\"inLanguage\":\"es\",\"potentialAction\":[{\"@type\":\"ReadAction\",\"target\":[\"https:\\\/\\\/www.childrenseyemd.com\\\/es\\\/a-nuestros-pacientes-adultos\\\/\"]}]},{\"@type\":\"BreadcrumbList\",\"@id\":\"https:\\\/\\\/www.childrenseyemd.com\\\/es\\\/a-nuestros-pacientes-adultos\\\/#breadcrumb\",\"itemListElement\":[{\"@type\":\"ListItem\",\"position\":1,\"name\":\"Home\",\"item\":\"https:\\\/\\\/www.childrenseyemd.com\\\/es\\\/\"},{\"@type\":\"ListItem\",\"position\":2,\"name\":\"A nuestros pacientes adultos\"}]},{\"@type\":\"WebSite\",\"@id\":\"https:\\\/\\\/www.childrenseyemd.com\\\/es\\\/#website\",\"url\":\"https:\\\/\\\/www.childrenseyemd.com\\\/es\\\/\",\"name\":\"Lederman &amp; Lederman, LLP\",\"description\":\"\",\"potentialAction\":[{\"@type\":\"SearchAction\",\"target\":{\"@type\":\"EntryPoint\",\"urlTemplate\":\"https:\\\/\\\/www.childrenseyemd.com\\\/es\\\/?s={search_term_string}\"},\"query-input\":{\"@type\":\"PropertyValueSpecification\",\"valueRequired\":true,\"valueName\":\"search_term_string\"}}],\"inLanguage\":\"es\"}]}<\/script>\n<!-- \/ Yoast SEO plugin. -->","yoast_head_json":{"title":"A nuestros pacientes adultos - Lederman &amp; Lederman, LLP","description":"At Children Eye Md we evaluate and treat adult patients, who have problems related to strabismus (misaligned eyes), diplopia (double vision), or other complex visual or eye muscle disorders.","robots":{"index":"index","follow":"follow","max-snippet":"max-snippet:-1","max-image-preview":"max-image-preview:large","max-video-preview":"max-video-preview:-1"},"canonical":"https:\/\/www.childrenseyemd.com\/es\/a-nuestros-pacientes-adultos\/","og_locale":"es_ES","og_type":"article","og_title":"A nuestros pacientes adultos - Lederman &amp; Lederman, LLP","og_description":"At Children Eye Md we evaluate and treat adult patients, who have problems related to strabismus (misaligned eyes), diplopia (double vision), or other complex visual or eye muscle disorders.","og_url":"https:\/\/www.childrenseyemd.com\/es\/a-nuestros-pacientes-adultos\/","og_site_name":"Lederman &amp; Lederman, LLP","article_modified_time":"2021-09-24T19:01:46+00:00","twitter_card":"summary_large_image","twitter_misc":{"Tiempo de lectura":"1 minuto"},"schema":{"@context":"https:\/\/schema.org","@graph":[{"@type":"WebPage","@id":"https:\/\/www.childrenseyemd.com\/es\/a-nuestros-pacientes-adultos\/","url":"https:\/\/www.childrenseyemd.com\/es\/a-nuestros-pacientes-adultos\/","name":"A nuestros pacientes adultos - Lederman &amp; Lederman, LLP","isPartOf":{"@id":"https:\/\/www.childrenseyemd.com\/es\/#website"},"datePublished":"2015-08-27T12:15:00+00:00","dateModified":"2021-09-24T19:01:46+00:00","description":"At Children Eye Md we evaluate and treat adult patients, who have problems related to strabismus (misaligned eyes), diplopia (double vision), or other complex visual or eye muscle disorders.","breadcrumb":{"@id":"https:\/\/www.childrenseyemd.com\/es\/a-nuestros-pacientes-adultos\/#breadcrumb"},"inLanguage":"es","potentialAction":[{"@type":"ReadAction","target":["https:\/\/www.childrenseyemd.com\/es\/a-nuestros-pacientes-adultos\/"]}]},{"@type":"BreadcrumbList","@id":"https:\/\/www.childrenseyemd.com\/es\/a-nuestros-pacientes-adultos\/#breadcrumb","itemListElement":[{"@type":"ListItem","position":1,"name":"Home","item":"https:\/\/www.childrenseyemd.com\/es\/"},{"@type":"ListItem","position":2,"name":"A nuestros pacientes adultos"}]},{"@type":"WebSite","@id":"https:\/\/www.childrenseyemd.com\/es\/#website","url":"https:\/\/www.childrenseyemd.com\/es\/","name":"Lederman &amp; Lederman, LLP","description":"","potentialAction":[{"@type":"SearchAction","target":{"@type":"EntryPoint","urlTemplate":"https:\/\/www.childrenseyemd.com\/es\/?s={search_term_string}"},"query-input":{"@type":"PropertyValueSpecification","valueRequired":true,"valueName":"search_term_string"}}],"inLanguage":"es"}]}},"_links":{"self":[{"href":"https:\/\/www.childrenseyemd.com\/es\/wp-json\/wp\/v2\/pages\/632","targetHints":{"allow":["GET"]}}],"collection":[{"href":"https:\/\/www.childrenseyemd.com\/es\/wp-json\/wp\/v2\/pages"}],"about":[{"href":"https:\/\/www.childrenseyemd.com\/es\/wp-json\/wp\/v2\/types\/page"}],"author":[{"embeddable":true,"href":"https:\/\/www.childrenseyemd.com\/es\/wp-json\/wp\/v2\/users\/5"}],"replies":[{"embeddable":true,"href":"https:\/\/www.childrenseyemd.com\/es\/wp-json\/wp\/v2\/comments?post=632"}],"version-history":[{"count":0,"href":"https:\/\/www.childrenseyemd.com\/es\/wp-json\/wp\/v2\/pages\/632\/revisions"}],"wp:attachment":[{"href":"https:\/\/www.childrenseyemd.com\/es\/wp-json\/wp\/v2\/media?parent=632"}],"curies":[{"name":"wp","href":"https:\/\/api.w.org\/{rel}","templated":true}]}}