{"id":630,"date":"2016-12-08T13:57:04","date_gmt":"2016-12-08T17:57:04","guid":{"rendered":"https:\/\/www.childrenseyemd.com\/cancellation-and-no-show-policy\/"},"modified":"2021-09-24T14:57:26","modified_gmt":"2021-09-24T18:57:26","slug":"politica-de-cancelacion-y-no-show","status":"publish","type":"page","link":"https:\/\/www.childrenseyemd.com\/es\/politica-de-cancelacion-y-no-show\/","title":{"rendered":"Pol\u00edtica de cancelaci\u00f3n y \u201cNo Show\u201d"},"content":{"rendered":"<h2>Pol\u00edtica de cancelaci\u00f3n y \u201cNo Show\u201d<\/h2>\n<p>Entendemos que surgen situaciones en las que debe cancelar su cita. Como cortes\u00eda, si debe cancelar su cita, le pedimos que nos avise con m\u00e1s de 24 horas de anticipaci\u00f3n. Esto permitir\u00e1 que nuestra oficina ofrezca la cita a otro paciente. Las citas de oficina que se cancelen con menos de 24 horas de anticipaci\u00f3n pueden estar sujetas a una tarifa de cancelaci\u00f3n de $50.00.<\/p>\n<p>Los pacientes que no se presenten a su cita sin una llamada para cancelar ser\u00e1n considerados \u00abNo Show\u00bb. Los pacientes que no se presenten dos (2) o m\u00e1s veces pueden ser rechazados de la pr\u00e1ctica y se les puede negar cualquier cita futura. Los pacientes tambi\u00e9n pueden estar sujetos a una tarifa de $75.00 por la cita perdida.<\/p>\n<p>El seguro no cubre las citas perdidas y las tarifas por no presentarse<\/p>\n","protected":false},"excerpt":{"rendered":"<p>Pol\u00edtica de cancelaci\u00f3n y \u201cNo Show\u201d Entendemos que surgen situaciones en las que debe cancelar su cita. Como cortes\u00eda, si debe cancelar su cita, le pedimos que nos avise con m\u00e1s de 24 horas de anticipaci\u00f3n. Esto permitir\u00e1 que nuestra oficina ofrezca la cita a otro paciente. Las citas de oficina que se cancelen con&#8230;<\/p>\n","protected":false},"author":5,"featured_media":0,"parent":0,"menu_order":0,"comment_status":"closed","ping_status":"closed","template":"","meta":{"footnotes":""},"class_list":["post-630","page","type-page","status-publish","hentry"],"yoast_head":"<!-- This site is optimized with the Yoast SEO plugin v27.5 - https:\/\/yoast.com\/product\/yoast-seo-wordpress\/ -->\n<title>Pol\u00edtica de cancelaci\u00f3n y \u201cNo Show\u201d - Lederman &amp; Lederman, LLP<\/title>\n<meta name=\"robots\" content=\"index, follow, max-snippet:-1, max-image-preview:large, max-video-preview:-1\" \/>\n<link rel=\"canonical\" href=\"https:\/\/www.childrenseyemd.com\/es\/politica-de-cancelacion-y-no-show\/\" \/>\n<meta property=\"og:locale\" content=\"es_ES\" \/>\n<meta property=\"og:type\" content=\"article\" \/>\n<meta property=\"og:title\" content=\"Pol\u00edtica de cancelaci\u00f3n y \u201cNo Show\u201d - Lederman &amp; Lederman, LLP\" \/>\n<meta property=\"og:description\" content=\"Pol\u00edtica de cancelaci\u00f3n y \u201cNo Show\u201d Entendemos que surgen situaciones en las que debe cancelar su cita. Como cortes\u00eda, si debe cancelar su cita, le pedimos que nos avise con m\u00e1s de 24 horas de anticipaci\u00f3n. Esto permitir\u00e1 que nuestra oficina ofrezca la cita a otro paciente. Las citas de oficina que se cancelen con...\" \/>\n<meta property=\"og:url\" content=\"https:\/\/www.childrenseyemd.com\/es\/politica-de-cancelacion-y-no-show\/\" \/>\n<meta property=\"og:site_name\" content=\"Lederman &amp; Lederman, LLP\" \/>\n<meta property=\"article:modified_time\" content=\"2021-09-24T18:57:26+00:00\" \/>\n<meta name=\"twitter:card\" content=\"summary_large_image\" \/>\n<meta name=\"twitter:label1\" content=\"Tiempo de lectura\" \/>\n\t<meta name=\"twitter:data1\" content=\"1 minuto\" \/>\n<script type=\"application\/ld+json\" class=\"yoast-schema-graph\">{\"@context\":\"https:\\\/\\\/schema.org\",\"@graph\":[{\"@type\":\"WebPage\",\"@id\":\"https:\\\/\\\/www.childrenseyemd.com\\\/es\\\/politica-de-cancelacion-y-no-show\\\/\",\"url\":\"https:\\\/\\\/www.childrenseyemd.com\\\/es\\\/politica-de-cancelacion-y-no-show\\\/\",\"name\":\"Pol\u00edtica de cancelaci\u00f3n y \u201cNo Show\u201d - Lederman &amp; Lederman, LLP\",\"isPartOf\":{\"@id\":\"https:\\\/\\\/www.childrenseyemd.com\\\/es\\\/#website\"},\"datePublished\":\"2016-12-08T17:57:04+00:00\",\"dateModified\":\"2021-09-24T18:57:26+00:00\",\"breadcrumb\":{\"@id\":\"https:\\\/\\\/www.childrenseyemd.com\\\/es\\\/politica-de-cancelacion-y-no-show\\\/#breadcrumb\"},\"inLanguage\":\"es\",\"potentialAction\":[{\"@type\":\"ReadAction\",\"target\":[\"https:\\\/\\\/www.childrenseyemd.com\\\/es\\\/politica-de-cancelacion-y-no-show\\\/\"]}]},{\"@type\":\"BreadcrumbList\",\"@id\":\"https:\\\/\\\/www.childrenseyemd.com\\\/es\\\/politica-de-cancelacion-y-no-show\\\/#breadcrumb\",\"itemListElement\":[{\"@type\":\"ListItem\",\"position\":1,\"name\":\"Home\",\"item\":\"https:\\\/\\\/www.childrenseyemd.com\\\/es\\\/\"},{\"@type\":\"ListItem\",\"position\":2,\"name\":\"Pol\u00edtica de cancelaci\u00f3n y \u201cNo Show\u201d\"}]},{\"@type\":\"WebSite\",\"@id\":\"https:\\\/\\\/www.childrenseyemd.com\\\/es\\\/#website\",\"url\":\"https:\\\/\\\/www.childrenseyemd.com\\\/es\\\/\",\"name\":\"Lederman &amp; Lederman, LLP\",\"description\":\"\",\"potentialAction\":[{\"@type\":\"SearchAction\",\"target\":{\"@type\":\"EntryPoint\",\"urlTemplate\":\"https:\\\/\\\/www.childrenseyemd.com\\\/es\\\/?s={search_term_string}\"},\"query-input\":{\"@type\":\"PropertyValueSpecification\",\"valueRequired\":true,\"valueName\":\"search_term_string\"}}],\"inLanguage\":\"es\"}]}<\/script>\n<!-- \/ Yoast SEO plugin. -->","yoast_head_json":{"title":"Pol\u00edtica de cancelaci\u00f3n y \u201cNo Show\u201d - Lederman &amp; Lederman, LLP","robots":{"index":"index","follow":"follow","max-snippet":"max-snippet:-1","max-image-preview":"max-image-preview:large","max-video-preview":"max-video-preview:-1"},"canonical":"https:\/\/www.childrenseyemd.com\/es\/politica-de-cancelacion-y-no-show\/","og_locale":"es_ES","og_type":"article","og_title":"Pol\u00edtica de cancelaci\u00f3n y \u201cNo Show\u201d - Lederman &amp; Lederman, LLP","og_description":"Pol\u00edtica de cancelaci\u00f3n y \u201cNo Show\u201d Entendemos que surgen situaciones en las que debe cancelar su cita. Como cortes\u00eda, si debe cancelar su cita, le pedimos que nos avise con m\u00e1s de 24 horas de anticipaci\u00f3n. Esto permitir\u00e1 que nuestra oficina ofrezca la cita a otro paciente. Las citas de oficina que se cancelen con...","og_url":"https:\/\/www.childrenseyemd.com\/es\/politica-de-cancelacion-y-no-show\/","og_site_name":"Lederman &amp; Lederman, LLP","article_modified_time":"2021-09-24T18:57:26+00:00","twitter_card":"summary_large_image","twitter_misc":{"Tiempo de lectura":"1 minuto"},"schema":{"@context":"https:\/\/schema.org","@graph":[{"@type":"WebPage","@id":"https:\/\/www.childrenseyemd.com\/es\/politica-de-cancelacion-y-no-show\/","url":"https:\/\/www.childrenseyemd.com\/es\/politica-de-cancelacion-y-no-show\/","name":"Pol\u00edtica de cancelaci\u00f3n y \u201cNo Show\u201d - Lederman &amp; Lederman, LLP","isPartOf":{"@id":"https:\/\/www.childrenseyemd.com\/es\/#website"},"datePublished":"2016-12-08T17:57:04+00:00","dateModified":"2021-09-24T18:57:26+00:00","breadcrumb":{"@id":"https:\/\/www.childrenseyemd.com\/es\/politica-de-cancelacion-y-no-show\/#breadcrumb"},"inLanguage":"es","potentialAction":[{"@type":"ReadAction","target":["https:\/\/www.childrenseyemd.com\/es\/politica-de-cancelacion-y-no-show\/"]}]},{"@type":"BreadcrumbList","@id":"https:\/\/www.childrenseyemd.com\/es\/politica-de-cancelacion-y-no-show\/#breadcrumb","itemListElement":[{"@type":"ListItem","position":1,"name":"Home","item":"https:\/\/www.childrenseyemd.com\/es\/"},{"@type":"ListItem","position":2,"name":"Pol\u00edtica de cancelaci\u00f3n y \u201cNo Show\u201d"}]},{"@type":"WebSite","@id":"https:\/\/www.childrenseyemd.com\/es\/#website","url":"https:\/\/www.childrenseyemd.com\/es\/","name":"Lederman &amp; Lederman, LLP","description":"","potentialAction":[{"@type":"SearchAction","target":{"@type":"EntryPoint","urlTemplate":"https:\/\/www.childrenseyemd.com\/es\/?s={search_term_string}"},"query-input":{"@type":"PropertyValueSpecification","valueRequired":true,"valueName":"search_term_string"}}],"inLanguage":"es"}]}},"_links":{"self":[{"href":"https:\/\/www.childrenseyemd.com\/es\/wp-json\/wp\/v2\/pages\/630","targetHints":{"allow":["GET"]}}],"collection":[{"href":"https:\/\/www.childrenseyemd.com\/es\/wp-json\/wp\/v2\/pages"}],"about":[{"href":"https:\/\/www.childrenseyemd.com\/es\/wp-json\/wp\/v2\/types\/page"}],"author":[{"embeddable":true,"href":"https:\/\/www.childrenseyemd.com\/es\/wp-json\/wp\/v2\/users\/5"}],"replies":[{"embeddable":true,"href":"https:\/\/www.childrenseyemd.com\/es\/wp-json\/wp\/v2\/comments?post=630"}],"version-history":[{"count":0,"href":"https:\/\/www.childrenseyemd.com\/es\/wp-json\/wp\/v2\/pages\/630\/revisions"}],"wp:attachment":[{"href":"https:\/\/www.childrenseyemd.com\/es\/wp-json\/wp\/v2\/media?parent=630"}],"curies":[{"name":"wp","href":"https:\/\/api.w.org\/{rel}","templated":true}]}}