{"id":56,"date":"2015-08-27T12:19:46","date_gmt":"2015-08-27T16:19:46","guid":{"rendered":"https:\/\/www.childrenseyemd.com\/contact-us\/?lang=es"},"modified":"2025-03-12T21:25:21","modified_gmt":"2025-03-13T01:25:21","slug":"para-ponerse-en-contacto-con-la-oficina","status":"publish","type":"page","link":"https:\/\/www.childrenseyemd.com\/es\/para-ponerse-en-contacto-con-la-oficina\/","title":{"rendered":"Para Ponerse En Contacto Con La Oficina"},"content":{"rendered":"<h2>Para Ponerse En Contacto Con La Oficina<\/h2>\n<p style=\"text-align: center;\">Por favor, recuerde que el correo electr\u00f3nico <strong>no es considerado seguro<\/strong>. Al elegir a comunicarse por correo electr\u00f3nico, usted asumir\u00e1s estos riesgos de confidencialidad. Por favor, no conf\u00edes en comunicaci\u00f3n por correo electr\u00f3nico. Si usted o un miembro de la familia sufre un cambio repentino o sustancial en la salud o lesi\u00f3n.<\/p>\n<p class=\"fax\">Fax: (914) 948-2020<\/p>\n<p><strong>PARA LOS DOCTORES MARTIN LEDERMAN, CAROLYN LEDERMAN AND GENNIFER GREEBEL:<\/strong><br \/>\n<a href=\"mailto:doctors@childrenseyemd.com\">doctors@childrenseyemd.com<\/a><\/p>\n<p><strong>PARA CITAS:<\/strong><br \/>\nPara programar una cita de oftalmolog\u00eda de <strong>RUTINA<\/strong>, cambiar una cita o cancelar una cita.<\/p>\n<p>Llame a la oficina para cambiar o cancelar una cita con menos de 24 horas de anticipaci\u00f3n a la hora de la cita.<\/p>\n<p><strong>PARA EL COORDINADOR DE CIRUGIA:<\/strong> <a href=\"mailto:surgcoordinator@childrenseyemd.com\">surgcoordinator@childrenseyemd.com<\/a><br \/>\nSi usted necesita programar, reprogramar o cancelar la cirug\u00eda por favor, <strong>NO MANDES UN MENSAJE POR CORREO ELECTRONICO, <\/strong><strong><span class=\"Y2IQFc\" lang=\"es\">LL\u00c1MENOS AL (914) 417-6441 y solicite hablar con nuestro coordinador quir\u00fargico.<\/span><\/strong><\/p>\n<p><strong>PARA EL DIRECTOR DE LA OFICINA:<\/strong> <a href=\"mailto:officemanager@childrenseyemd.com\">officemanager@childrenseyemd.com<\/a><\/p>\n<p><strong>PARA EL DIRECTIVO DE FACTURACI\u00d3N:<\/strong> <a href=\"mailto:billing@childrenseyemd.com\">billing@childrenseyemd.com<\/a><\/p>\n<h5>Por favor, no mandes mensajes por correo electr\u00f3nico acerca de posibles situaciones de emergencia y recuerde que el correo electr\u00f3nico, aunque se comprueba a menudo que no siempre es revisado diariamente. Si necesita atenci\u00f3n inmediata, por favor llame a la oficina (914) 417-6441.<\/h5>\n","protected":false},"excerpt":{"rendered":"<p>Para Ponerse En Contacto Con La Oficina Por favor, recuerde que el correo electr\u00f3nico no es considerado seguro. Al elegir a comunicarse por correo electr\u00f3nico, usted asumir\u00e1s estos riesgos de confidencialidad. Por favor, no conf\u00edes en comunicaci\u00f3n por correo electr\u00f3nico. Si usted o un miembro de la familia sufre un cambio repentino o sustancial en&#8230;<\/p>\n","protected":false},"author":5,"featured_media":0,"parent":0,"menu_order":0,"comment_status":"closed","ping_status":"closed","template":"","meta":{"footnotes":""},"class_list":["post-56","page","type-page","status-publish","hentry"],"yoast_head":"<!-- This site is optimized with the Yoast SEO plugin v27.5 - https:\/\/yoast.com\/product\/yoast-seo-wordpress\/ -->\n<title>Para Ponerse En Contacto Con La Oficina - Lederman &amp; Lederman, LLP<\/title>\n<meta name=\"description\" content=\"Contacto Ni\u00f1os oftalm\u00f3logo para evaluar y tratar las necesidades visuales y oculares de sus hijos. Estamos especializados en Oftalmolog\u00eda Pedi\u00e1trica, Cirug\u00eda Pedi\u00e1trica Catarata y adultos estrabismo.\" \/>\n<meta name=\"robots\" content=\"index, follow, max-snippet:-1, max-image-preview:large, max-video-preview:-1\" \/>\n<link rel=\"canonical\" href=\"https:\/\/www.childrenseyemd.com\/es\/para-ponerse-en-contacto-con-la-oficina\/\" \/>\n<meta property=\"og:locale\" content=\"es_ES\" \/>\n<meta property=\"og:type\" content=\"article\" \/>\n<meta property=\"og:title\" content=\"Para Ponerse En Contacto Con La Oficina - Lederman &amp; Lederman, LLP\" \/>\n<meta property=\"og:description\" content=\"Contacto Ni\u00f1os oftalm\u00f3logo para evaluar y tratar las necesidades visuales y oculares de sus hijos. Estamos especializados en Oftalmolog\u00eda Pedi\u00e1trica, Cirug\u00eda Pedi\u00e1trica Catarata y adultos estrabismo.\" \/>\n<meta property=\"og:url\" content=\"https:\/\/www.childrenseyemd.com\/es\/para-ponerse-en-contacto-con-la-oficina\/\" \/>\n<meta property=\"og:site_name\" content=\"Lederman &amp; Lederman, LLP\" \/>\n<meta property=\"article:modified_time\" content=\"2025-03-13T01:25:21+00:00\" \/>\n<meta name=\"twitter:card\" content=\"summary_large_image\" \/>\n<meta name=\"twitter:label1\" content=\"Tiempo de lectura\" \/>\n\t<meta name=\"twitter:data1\" content=\"1 minuto\" \/>\n<script type=\"application\/ld+json\" class=\"yoast-schema-graph\">{\"@context\":\"https:\\\/\\\/schema.org\",\"@graph\":[{\"@type\":\"WebPage\",\"@id\":\"https:\\\/\\\/www.childrenseyemd.com\\\/es\\\/para-ponerse-en-contacto-con-la-oficina\\\/\",\"url\":\"https:\\\/\\\/www.childrenseyemd.com\\\/es\\\/para-ponerse-en-contacto-con-la-oficina\\\/\",\"name\":\"Para Ponerse En Contacto Con La Oficina - Lederman &amp; Lederman, LLP\",\"isPartOf\":{\"@id\":\"https:\\\/\\\/www.childrenseyemd.com\\\/es\\\/#website\"},\"datePublished\":\"2015-08-27T16:19:46+00:00\",\"dateModified\":\"2025-03-13T01:25:21+00:00\",\"description\":\"Contacto Ni\u00f1os oftalm\u00f3logo para evaluar y tratar las necesidades visuales y oculares de sus hijos. Estamos especializados en Oftalmolog\u00eda Pedi\u00e1trica, Cirug\u00eda Pedi\u00e1trica Catarata y adultos estrabismo.\",\"breadcrumb\":{\"@id\":\"https:\\\/\\\/www.childrenseyemd.com\\\/es\\\/para-ponerse-en-contacto-con-la-oficina\\\/#breadcrumb\"},\"inLanguage\":\"es\",\"potentialAction\":[{\"@type\":\"ReadAction\",\"target\":[\"https:\\\/\\\/www.childrenseyemd.com\\\/es\\\/para-ponerse-en-contacto-con-la-oficina\\\/\"]}]},{\"@type\":\"BreadcrumbList\",\"@id\":\"https:\\\/\\\/www.childrenseyemd.com\\\/es\\\/para-ponerse-en-contacto-con-la-oficina\\\/#breadcrumb\",\"itemListElement\":[{\"@type\":\"ListItem\",\"position\":1,\"name\":\"Home\",\"item\":\"https:\\\/\\\/www.childrenseyemd.com\\\/es\\\/\"},{\"@type\":\"ListItem\",\"position\":2,\"name\":\"Para Ponerse En Contacto Con La Oficina\"}]},{\"@type\":\"WebSite\",\"@id\":\"https:\\\/\\\/www.childrenseyemd.com\\\/es\\\/#website\",\"url\":\"https:\\\/\\\/www.childrenseyemd.com\\\/es\\\/\",\"name\":\"Lederman &amp; Lederman, LLP\",\"description\":\"\",\"potentialAction\":[{\"@type\":\"SearchAction\",\"target\":{\"@type\":\"EntryPoint\",\"urlTemplate\":\"https:\\\/\\\/www.childrenseyemd.com\\\/es\\\/?s={search_term_string}\"},\"query-input\":{\"@type\":\"PropertyValueSpecification\",\"valueRequired\":true,\"valueName\":\"search_term_string\"}}],\"inLanguage\":\"es\"}]}<\/script>\n<!-- \/ Yoast SEO plugin. -->","yoast_head_json":{"title":"Para Ponerse En Contacto Con La Oficina - Lederman &amp; Lederman, LLP","description":"Contacto Ni\u00f1os oftalm\u00f3logo para evaluar y tratar las necesidades visuales y oculares de sus hijos. Estamos especializados en Oftalmolog\u00eda Pedi\u00e1trica, Cirug\u00eda Pedi\u00e1trica Catarata y adultos estrabismo.","robots":{"index":"index","follow":"follow","max-snippet":"max-snippet:-1","max-image-preview":"max-image-preview:large","max-video-preview":"max-video-preview:-1"},"canonical":"https:\/\/www.childrenseyemd.com\/es\/para-ponerse-en-contacto-con-la-oficina\/","og_locale":"es_ES","og_type":"article","og_title":"Para Ponerse En Contacto Con La Oficina - Lederman &amp; Lederman, LLP","og_description":"Contacto Ni\u00f1os oftalm\u00f3logo para evaluar y tratar las necesidades visuales y oculares de sus hijos. Estamos especializados en Oftalmolog\u00eda Pedi\u00e1trica, Cirug\u00eda Pedi\u00e1trica Catarata y adultos estrabismo.","og_url":"https:\/\/www.childrenseyemd.com\/es\/para-ponerse-en-contacto-con-la-oficina\/","og_site_name":"Lederman &amp; Lederman, LLP","article_modified_time":"2025-03-13T01:25:21+00:00","twitter_card":"summary_large_image","twitter_misc":{"Tiempo de lectura":"1 minuto"},"schema":{"@context":"https:\/\/schema.org","@graph":[{"@type":"WebPage","@id":"https:\/\/www.childrenseyemd.com\/es\/para-ponerse-en-contacto-con-la-oficina\/","url":"https:\/\/www.childrenseyemd.com\/es\/para-ponerse-en-contacto-con-la-oficina\/","name":"Para Ponerse En Contacto Con La Oficina - Lederman &amp; Lederman, LLP","isPartOf":{"@id":"https:\/\/www.childrenseyemd.com\/es\/#website"},"datePublished":"2015-08-27T16:19:46+00:00","dateModified":"2025-03-13T01:25:21+00:00","description":"Contacto Ni\u00f1os oftalm\u00f3logo para evaluar y tratar las necesidades visuales y oculares de sus hijos. Estamos especializados en Oftalmolog\u00eda Pedi\u00e1trica, Cirug\u00eda Pedi\u00e1trica Catarata y adultos estrabismo.","breadcrumb":{"@id":"https:\/\/www.childrenseyemd.com\/es\/para-ponerse-en-contacto-con-la-oficina\/#breadcrumb"},"inLanguage":"es","potentialAction":[{"@type":"ReadAction","target":["https:\/\/www.childrenseyemd.com\/es\/para-ponerse-en-contacto-con-la-oficina\/"]}]},{"@type":"BreadcrumbList","@id":"https:\/\/www.childrenseyemd.com\/es\/para-ponerse-en-contacto-con-la-oficina\/#breadcrumb","itemListElement":[{"@type":"ListItem","position":1,"name":"Home","item":"https:\/\/www.childrenseyemd.com\/es\/"},{"@type":"ListItem","position":2,"name":"Para Ponerse En Contacto Con La Oficina"}]},{"@type":"WebSite","@id":"https:\/\/www.childrenseyemd.com\/es\/#website","url":"https:\/\/www.childrenseyemd.com\/es\/","name":"Lederman &amp; Lederman, LLP","description":"","potentialAction":[{"@type":"SearchAction","target":{"@type":"EntryPoint","urlTemplate":"https:\/\/www.childrenseyemd.com\/es\/?s={search_term_string}"},"query-input":{"@type":"PropertyValueSpecification","valueRequired":true,"valueName":"search_term_string"}}],"inLanguage":"es"}]}},"_links":{"self":[{"href":"https:\/\/www.childrenseyemd.com\/es\/wp-json\/wp\/v2\/pages\/56","targetHints":{"allow":["GET"]}}],"collection":[{"href":"https:\/\/www.childrenseyemd.com\/es\/wp-json\/wp\/v2\/pages"}],"about":[{"href":"https:\/\/www.childrenseyemd.com\/es\/wp-json\/wp\/v2\/types\/page"}],"author":[{"embeddable":true,"href":"https:\/\/www.childrenseyemd.com\/es\/wp-json\/wp\/v2\/users\/5"}],"replies":[{"embeddable":true,"href":"https:\/\/www.childrenseyemd.com\/es\/wp-json\/wp\/v2\/comments?post=56"}],"version-history":[{"count":0,"href":"https:\/\/www.childrenseyemd.com\/es\/wp-json\/wp\/v2\/pages\/56\/revisions"}],"wp:attachment":[{"href":"https:\/\/www.childrenseyemd.com\/es\/wp-json\/wp\/v2\/media?parent=56"}],"curies":[{"name":"wp","href":"https:\/\/api.w.org\/{rel}","templated":true}]}}