{"id":53,"date":"2015-08-27T12:17:38","date_gmt":"2015-08-27T12:17:38","guid":{"rendered":"https:\/\/www.childrenseyemd.com\/about-carolyn-r-lederman-m-d\/?lang=es"},"modified":"2024-11-15T14:33:25","modified_gmt":"2024-11-15T18:33:25","slug":"acerca-de-carolyn-r-lederman-m-d","status":"publish","type":"page","link":"https:\/\/www.childrenseyemd.com\/es\/acerca-de-carolyn-r-lederman-m-d\/","title":{"rendered":"Acerca de Carolyn R. Lederman, M.D."},"content":{"rendered":"<h2>Acerca de Carolyn R. Lederman, M.D.<\/h2>\n<p>Dr. Carolyn Lederman se gradu\u00f3 de la Universidad de Brown con una licenciatura en biolog\u00eda. Recibi\u00f3 su t\u00edtulo de m\u00e9dico en la Universidad de Virginia y complet\u00f3 una residencia m\u00e9dica en el Hospital Strong Memorial en Rochester, Nueva York. Se form\u00f3 en general Oftalmolog\u00eda en el Manhattan Eye, Ear y Garganta Hospital, donde fue nombrada Jefe de Residentes en su \u00faltimo a\u00f1o. Complet\u00f3 un a\u00f1o de beca de capacitaci\u00f3n en oftalmolog\u00eda pedi\u00e1trica en el Hospital Infantil del Centro M\u00e9dico Nacional en Washington, DC en 1997. Luego regres\u00f3 a Nueva York para reunirse con su padre en la pr\u00e1ctica.<\/p>\n<p><img loading=\"lazy\" decoding=\"async\" class=\"alignright wp-image-51 size-medium\" src=\"https:\/\/www.childrenseyemd.com\/wp-content\/uploads\/2015\/08\/carrie2-300x222.jpg\" alt=\"carrie2\" width=\"300\" height=\"222\" \/><\/p>\n<p>Dr. Lederman est\u00e1 certificado por la Junta Americana de Oftalmolog\u00eda y es miembra de la Academia Americana de Oftalmolog\u00eda. Ella es una asistente en el Edward. S. Harkness Eye Institute de la Universidad de Columbia, donde ella ense\u00f1a y da lecturas. Ella es parte del personal de White Plains Medical Center. Anteriormente trabaj\u00f3 como consultor en el Hospital de Ni\u00f1os de Blythedale. Dr. Lederman es miembra de la Asociaci\u00f3n Americana de Oftalmolog\u00eda Pedi\u00e1trica y Estrabismo, y ella era presidente de la Sociedad de Nueva York para la Oftalmolog\u00eda Pedi\u00e1trica y Estrabismo, y sirve como el vicepresidente de la Sociedad Oftalmol\u00f3gica de Westchester. Es miembra de la Sociedad Oftalmol\u00f3gica Estado de Nueva York y la Sociedad Costenbader.<\/p>\n<p>Dr. Lederman implica modalidades de tratamiento de estrabismo y problemas visuales de los ni\u00f1os. Ha participado en varias misiones de ense\u00f1anza y quir\u00fargicos a Panam\u00e1, Kenia y Marruecos con el grupo \u00abHealing the Children\u00bb.<\/p>\n","protected":false},"excerpt":{"rendered":"<p>Acerca de Carolyn R. Lederman, M.D. Dr. Carolyn Lederman se gradu\u00f3 de la Universidad de Brown con una licenciatura en biolog\u00eda. Recibi\u00f3 su t\u00edtulo de m\u00e9dico en la Universidad de Virginia y complet\u00f3 una residencia m\u00e9dica en el Hospital Strong Memorial en Rochester, Nueva York. Se form\u00f3 en general Oftalmolog\u00eda en el Manhattan Eye, Ear&#8230;<\/p>\n","protected":false},"author":5,"featured_media":0,"parent":0,"menu_order":0,"comment_status":"closed","ping_status":"closed","template":"","meta":{"footnotes":""},"class_list":["post-53","page","type-page","status-publish","hentry"],"yoast_head":"<!-- This site is optimized with the Yoast SEO plugin v27.5 - https:\/\/yoast.com\/product\/yoast-seo-wordpress\/ -->\n<title>Acerca de Carolyn R. Lederman, M.D. - Lederman &amp; Lederman, LLP<\/title>\n<meta name=\"description\" content=\"Dr. Carolyn Lederman se gradu\u00f3 de la Universidad de Brown con una licenciatura en biolog\u00eda. Recibi\u00f3 su t\u00edtulo de m\u00e9dico en la Universidad de Virginia y complet\u00f3 una residencia m\u00e9dica en el Hospital Strong Memorial en Rochester, Nueva York.\" \/>\n<meta name=\"robots\" content=\"index, follow, max-snippet:-1, max-image-preview:large, max-video-preview:-1\" \/>\n<link rel=\"canonical\" href=\"https:\/\/www.childrenseyemd.com\/es\/acerca-de-carolyn-r-lederman-m-d\/\" \/>\n<meta property=\"og:locale\" content=\"es_ES\" \/>\n<meta property=\"og:type\" content=\"article\" \/>\n<meta property=\"og:title\" content=\"Acerca de Carolyn R. Lederman, M.D. - Lederman &amp; Lederman, LLP\" \/>\n<meta property=\"og:description\" content=\"Dr. Carolyn Lederman se gradu\u00f3 de la Universidad de Brown con una licenciatura en biolog\u00eda. Recibi\u00f3 su t\u00edtulo de m\u00e9dico en la Universidad de Virginia y complet\u00f3 una residencia m\u00e9dica en el Hospital Strong Memorial en Rochester, Nueva York.\" \/>\n<meta property=\"og:url\" content=\"https:\/\/www.childrenseyemd.com\/es\/acerca-de-carolyn-r-lederman-m-d\/\" \/>\n<meta property=\"og:site_name\" content=\"Lederman &amp; Lederman, LLP\" \/>\n<meta property=\"article:modified_time\" content=\"2024-11-15T18:33:25+00:00\" \/>\n<meta property=\"og:image\" content=\"https:\/\/www.childrenseyemd.com\/wp-content\/uploads\/2015\/08\/carrie2.jpg\" \/>\n\t<meta property=\"og:image:width\" content=\"300\" \/>\n\t<meta property=\"og:image:height\" content=\"222\" \/>\n\t<meta property=\"og:image:type\" content=\"image\/jpeg\" \/>\n<meta name=\"twitter:card\" content=\"summary_large_image\" \/>\n<meta name=\"twitter:label1\" content=\"Tiempo de lectura\" \/>\n\t<meta name=\"twitter:data1\" content=\"2 minutos\" \/>\n<script type=\"application\/ld+json\" class=\"yoast-schema-graph\">{\"@context\":\"https:\\\/\\\/schema.org\",\"@graph\":[{\"@type\":\"WebPage\",\"@id\":\"https:\\\/\\\/www.childrenseyemd.com\\\/es\\\/acerca-de-carolyn-r-lederman-m-d\\\/\",\"url\":\"https:\\\/\\\/www.childrenseyemd.com\\\/es\\\/acerca-de-carolyn-r-lederman-m-d\\\/\",\"name\":\"Acerca de Carolyn R. Lederman, M.D. - Lederman &amp; Lederman, LLP\",\"isPartOf\":{\"@id\":\"https:\\\/\\\/www.childrenseyemd.com\\\/es\\\/#website\"},\"primaryImageOfPage\":{\"@id\":\"https:\\\/\\\/www.childrenseyemd.com\\\/es\\\/acerca-de-carolyn-r-lederman-m-d\\\/#primaryimage\"},\"image\":{\"@id\":\"https:\\\/\\\/www.childrenseyemd.com\\\/es\\\/acerca-de-carolyn-r-lederman-m-d\\\/#primaryimage\"},\"thumbnailUrl\":\"https:\\\/\\\/www.childrenseyemd.com\\\/wp-content\\\/uploads\\\/2015\\\/08\\\/carrie2-300x222.jpg\",\"datePublished\":\"2015-08-27T12:17:38+00:00\",\"dateModified\":\"2024-11-15T18:33:25+00:00\",\"description\":\"Dr. Carolyn Lederman se gradu\u00f3 de la Universidad de Brown con una licenciatura en biolog\u00eda. Recibi\u00f3 su t\u00edtulo de m\u00e9dico en la Universidad de Virginia y complet\u00f3 una residencia m\u00e9dica en el Hospital Strong Memorial en Rochester, Nueva York.\",\"breadcrumb\":{\"@id\":\"https:\\\/\\\/www.childrenseyemd.com\\\/es\\\/acerca-de-carolyn-r-lederman-m-d\\\/#breadcrumb\"},\"inLanguage\":\"es\",\"potentialAction\":[{\"@type\":\"ReadAction\",\"target\":[\"https:\\\/\\\/www.childrenseyemd.com\\\/es\\\/acerca-de-carolyn-r-lederman-m-d\\\/\"]}]},{\"@type\":\"ImageObject\",\"inLanguage\":\"es\",\"@id\":\"https:\\\/\\\/www.childrenseyemd.com\\\/es\\\/acerca-de-carolyn-r-lederman-m-d\\\/#primaryimage\",\"url\":\"https:\\\/\\\/www.childrenseyemd.com\\\/wp-content\\\/uploads\\\/2015\\\/08\\\/carrie2-300x222.jpg\",\"contentUrl\":\"https:\\\/\\\/www.childrenseyemd.com\\\/wp-content\\\/uploads\\\/2015\\\/08\\\/carrie2-300x222.jpg\"},{\"@type\":\"BreadcrumbList\",\"@id\":\"https:\\\/\\\/www.childrenseyemd.com\\\/es\\\/acerca-de-carolyn-r-lederman-m-d\\\/#breadcrumb\",\"itemListElement\":[{\"@type\":\"ListItem\",\"position\":1,\"name\":\"Home\",\"item\":\"https:\\\/\\\/www.childrenseyemd.com\\\/es\\\/\"},{\"@type\":\"ListItem\",\"position\":2,\"name\":\"Acerca de Carolyn R. Lederman, M.D.\"}]},{\"@type\":\"WebSite\",\"@id\":\"https:\\\/\\\/www.childrenseyemd.com\\\/es\\\/#website\",\"url\":\"https:\\\/\\\/www.childrenseyemd.com\\\/es\\\/\",\"name\":\"Lederman &amp; Lederman, LLP\",\"description\":\"\",\"potentialAction\":[{\"@type\":\"SearchAction\",\"target\":{\"@type\":\"EntryPoint\",\"urlTemplate\":\"https:\\\/\\\/www.childrenseyemd.com\\\/es\\\/?s={search_term_string}\"},\"query-input\":{\"@type\":\"PropertyValueSpecification\",\"valueRequired\":true,\"valueName\":\"search_term_string\"}}],\"inLanguage\":\"es\"}]}<\/script>\n<!-- \/ Yoast SEO plugin. -->","yoast_head_json":{"title":"Acerca de Carolyn R. Lederman, M.D. - Lederman &amp; Lederman, LLP","description":"Dr. Carolyn Lederman se gradu\u00f3 de la Universidad de Brown con una licenciatura en biolog\u00eda. Recibi\u00f3 su t\u00edtulo de m\u00e9dico en la Universidad de Virginia y complet\u00f3 una residencia m\u00e9dica en el Hospital Strong Memorial en Rochester, Nueva York.","robots":{"index":"index","follow":"follow","max-snippet":"max-snippet:-1","max-image-preview":"max-image-preview:large","max-video-preview":"max-video-preview:-1"},"canonical":"https:\/\/www.childrenseyemd.com\/es\/acerca-de-carolyn-r-lederman-m-d\/","og_locale":"es_ES","og_type":"article","og_title":"Acerca de Carolyn R. Lederman, M.D. - Lederman &amp; Lederman, LLP","og_description":"Dr. Carolyn Lederman se gradu\u00f3 de la Universidad de Brown con una licenciatura en biolog\u00eda. Recibi\u00f3 su t\u00edtulo de m\u00e9dico en la Universidad de Virginia y complet\u00f3 una residencia m\u00e9dica en el Hospital Strong Memorial en Rochester, Nueva York.","og_url":"https:\/\/www.childrenseyemd.com\/es\/acerca-de-carolyn-r-lederman-m-d\/","og_site_name":"Lederman &amp; Lederman, LLP","article_modified_time":"2024-11-15T18:33:25+00:00","og_image":[{"width":300,"height":222,"url":"https:\/\/www.childrenseyemd.com\/wp-content\/uploads\/2015\/08\/carrie2.jpg","type":"image\/jpeg"}],"twitter_card":"summary_large_image","twitter_misc":{"Tiempo de lectura":"2 minutos"},"schema":{"@context":"https:\/\/schema.org","@graph":[{"@type":"WebPage","@id":"https:\/\/www.childrenseyemd.com\/es\/acerca-de-carolyn-r-lederman-m-d\/","url":"https:\/\/www.childrenseyemd.com\/es\/acerca-de-carolyn-r-lederman-m-d\/","name":"Acerca de Carolyn R. Lederman, M.D. - Lederman &amp; Lederman, LLP","isPartOf":{"@id":"https:\/\/www.childrenseyemd.com\/es\/#website"},"primaryImageOfPage":{"@id":"https:\/\/www.childrenseyemd.com\/es\/acerca-de-carolyn-r-lederman-m-d\/#primaryimage"},"image":{"@id":"https:\/\/www.childrenseyemd.com\/es\/acerca-de-carolyn-r-lederman-m-d\/#primaryimage"},"thumbnailUrl":"https:\/\/www.childrenseyemd.com\/wp-content\/uploads\/2015\/08\/carrie2-300x222.jpg","datePublished":"2015-08-27T12:17:38+00:00","dateModified":"2024-11-15T18:33:25+00:00","description":"Dr. Carolyn Lederman se gradu\u00f3 de la Universidad de Brown con una licenciatura en biolog\u00eda. Recibi\u00f3 su t\u00edtulo de m\u00e9dico en la Universidad de Virginia y complet\u00f3 una residencia m\u00e9dica en el Hospital Strong Memorial en Rochester, Nueva York.","breadcrumb":{"@id":"https:\/\/www.childrenseyemd.com\/es\/acerca-de-carolyn-r-lederman-m-d\/#breadcrumb"},"inLanguage":"es","potentialAction":[{"@type":"ReadAction","target":["https:\/\/www.childrenseyemd.com\/es\/acerca-de-carolyn-r-lederman-m-d\/"]}]},{"@type":"ImageObject","inLanguage":"es","@id":"https:\/\/www.childrenseyemd.com\/es\/acerca-de-carolyn-r-lederman-m-d\/#primaryimage","url":"https:\/\/www.childrenseyemd.com\/wp-content\/uploads\/2015\/08\/carrie2-300x222.jpg","contentUrl":"https:\/\/www.childrenseyemd.com\/wp-content\/uploads\/2015\/08\/carrie2-300x222.jpg"},{"@type":"BreadcrumbList","@id":"https:\/\/www.childrenseyemd.com\/es\/acerca-de-carolyn-r-lederman-m-d\/#breadcrumb","itemListElement":[{"@type":"ListItem","position":1,"name":"Home","item":"https:\/\/www.childrenseyemd.com\/es\/"},{"@type":"ListItem","position":2,"name":"Acerca de Carolyn R. Lederman, M.D."}]},{"@type":"WebSite","@id":"https:\/\/www.childrenseyemd.com\/es\/#website","url":"https:\/\/www.childrenseyemd.com\/es\/","name":"Lederman &amp; Lederman, LLP","description":"","potentialAction":[{"@type":"SearchAction","target":{"@type":"EntryPoint","urlTemplate":"https:\/\/www.childrenseyemd.com\/es\/?s={search_term_string}"},"query-input":{"@type":"PropertyValueSpecification","valueRequired":true,"valueName":"search_term_string"}}],"inLanguage":"es"}]}},"_links":{"self":[{"href":"https:\/\/www.childrenseyemd.com\/es\/wp-json\/wp\/v2\/pages\/53","targetHints":{"allow":["GET"]}}],"collection":[{"href":"https:\/\/www.childrenseyemd.com\/es\/wp-json\/wp\/v2\/pages"}],"about":[{"href":"https:\/\/www.childrenseyemd.com\/es\/wp-json\/wp\/v2\/types\/page"}],"author":[{"embeddable":true,"href":"https:\/\/www.childrenseyemd.com\/es\/wp-json\/wp\/v2\/users\/5"}],"replies":[{"embeddable":true,"href":"https:\/\/www.childrenseyemd.com\/es\/wp-json\/wp\/v2\/comments?post=53"}],"version-history":[{"count":0,"href":"https:\/\/www.childrenseyemd.com\/es\/wp-json\/wp\/v2\/pages\/53\/revisions"}],"wp:attachment":[{"href":"https:\/\/www.childrenseyemd.com\/es\/wp-json\/wp\/v2\/media?parent=53"}],"curies":[{"name":"wp","href":"https:\/\/api.w.org\/{rel}","templated":true}]}}