{"id":45,"date":"2015-08-27T12:12:52","date_gmt":"2015-08-27T16:12:52","guid":{"rendered":"https:\/\/www.childrenseyemd.com\/our-practice-philosophy\/?lang=es"},"modified":"2015-09-30T14:06:48","modified_gmt":"2015-09-30T18:06:48","slug":"filosofia-practica","status":"publish","type":"page","link":"https:\/\/www.childrenseyemd.com\/es\/filosofia-practica\/","title":{"rendered":"Filosof\u00eda Pr\u00e1ctica"},"content":{"rendered":"<h2>Filosof\u00eda Pr\u00e1ctica<\/h2>\n<p>Nuestros objetivos son evaluar y tratar las necesidades visuales y oculares de sus hijos en un entorno agradable y orientado a los ni\u00f1os. Nuestro empleados ha sido entrenado a tratar usted y su hijo con cuidado y respeto.<\/p>\n<p>Utilizamos las \u00faltimas t\u00e9cnicas m\u00e9dicas y quir\u00fargicas para diagnosticar y tratar todo, desde los m\u00e1s complejos para el problema m\u00e1s simple, y creemos que todos los problemas son igualmente importantes para usted y su hijo.<\/p>\n<p>Hacemos uso liberal, cuando sea necesario, de las instalaciones de clase mundial y consultores que son nuestros colegas en el Hospital Presbiteriano de Nueva York y hospitales afiliados. Tomamos el tiempo necesario para explicar todos los aspectos del diagn\u00f3stico y el tratamiento de su hijo. Creemos que la comunicaci\u00f3n es la primera parte del proceso de curaci\u00f3n.<\/p>\n<p>Hay mucha informaci\u00f3n disponible sobre varias condiciones m\u00e9dicas. Podemos ayudar a guiarlo a esa informaci\u00f3n en el momento de su visita. Invitamos sus comentarios.<\/p>\n","protected":false},"excerpt":{"rendered":"<p>Filosof\u00eda Pr\u00e1ctica Nuestros objetivos son evaluar y tratar las necesidades visuales y oculares de sus hijos en un entorno agradable y orientado a los ni\u00f1os. Nuestro empleados ha sido entrenado a tratar usted y su hijo con cuidado y respeto. Utilizamos las \u00faltimas t\u00e9cnicas m\u00e9dicas y quir\u00fargicas para diagnosticar y tratar todo, desde los m\u00e1s&#8230;<\/p>\n","protected":false},"author":5,"featured_media":0,"parent":0,"menu_order":0,"comment_status":"closed","ping_status":"closed","template":"","meta":{"footnotes":""},"class_list":["post-45","page","type-page","status-publish","hentry"],"yoast_head":"<!-- This site is optimized with the Yoast SEO plugin v27.3 - https:\/\/yoast.com\/product\/yoast-seo-wordpress\/ -->\n<title>Filosof\u00eda Pr\u00e1ctica - Lederman &amp; Lederman, LLP<\/title>\n<meta name=\"robots\" content=\"index, follow, max-snippet:-1, max-image-preview:large, max-video-preview:-1\" \/>\n<link rel=\"canonical\" href=\"https:\/\/www.childrenseyemd.com\/es\/filosofia-practica\/\" \/>\n<meta property=\"og:locale\" content=\"es_ES\" \/>\n<meta property=\"og:type\" content=\"article\" \/>\n<meta property=\"og:title\" content=\"Filosof\u00eda Pr\u00e1ctica - Lederman &amp; Lederman, LLP\" \/>\n<meta property=\"og:description\" content=\"Filosof\u00eda Pr\u00e1ctica Nuestros objetivos son evaluar y tratar las necesidades visuales y oculares de sus hijos en un entorno agradable y orientado a los ni\u00f1os. Nuestro empleados ha sido entrenado a tratar usted y su hijo con cuidado y respeto. Utilizamos las \u00faltimas t\u00e9cnicas m\u00e9dicas y quir\u00fargicas para diagnosticar y tratar todo, desde los m\u00e1s...\" \/>\n<meta property=\"og:url\" content=\"https:\/\/www.childrenseyemd.com\/es\/filosofia-practica\/\" \/>\n<meta property=\"og:site_name\" content=\"Lederman &amp; Lederman, LLP\" \/>\n<meta property=\"article:modified_time\" content=\"2015-09-30T18:06:48+00:00\" \/>\n<meta name=\"twitter:card\" content=\"summary_large_image\" \/>\n<meta name=\"twitter:label1\" content=\"Tiempo de lectura\" \/>\n\t<meta name=\"twitter:data1\" content=\"1 minuto\" \/>\n<script type=\"application\/ld+json\" class=\"yoast-schema-graph\">{\"@context\":\"https:\\\/\\\/schema.org\",\"@graph\":[{\"@type\":\"WebPage\",\"@id\":\"https:\\\/\\\/www.childrenseyemd.com\\\/es\\\/filosofia-practica\\\/\",\"url\":\"https:\\\/\\\/www.childrenseyemd.com\\\/es\\\/filosofia-practica\\\/\",\"name\":\"Filosof\u00eda Pr\u00e1ctica - Lederman &amp; Lederman, LLP\",\"isPartOf\":{\"@id\":\"https:\\\/\\\/www.childrenseyemd.com\\\/es\\\/#website\"},\"datePublished\":\"2015-08-27T16:12:52+00:00\",\"dateModified\":\"2015-09-30T18:06:48+00:00\",\"breadcrumb\":{\"@id\":\"https:\\\/\\\/www.childrenseyemd.com\\\/es\\\/filosofia-practica\\\/#breadcrumb\"},\"inLanguage\":\"es\",\"potentialAction\":[{\"@type\":\"ReadAction\",\"target\":[\"https:\\\/\\\/www.childrenseyemd.com\\\/es\\\/filosofia-practica\\\/\"]}]},{\"@type\":\"BreadcrumbList\",\"@id\":\"https:\\\/\\\/www.childrenseyemd.com\\\/es\\\/filosofia-practica\\\/#breadcrumb\",\"itemListElement\":[{\"@type\":\"ListItem\",\"position\":1,\"name\":\"Home\",\"item\":\"https:\\\/\\\/www.childrenseyemd.com\\\/es\\\/\"},{\"@type\":\"ListItem\",\"position\":2,\"name\":\"Filosof\u00eda Pr\u00e1ctica\"}]},{\"@type\":\"WebSite\",\"@id\":\"https:\\\/\\\/www.childrenseyemd.com\\\/es\\\/#website\",\"url\":\"https:\\\/\\\/www.childrenseyemd.com\\\/es\\\/\",\"name\":\"Lederman &amp; Lederman, LLP\",\"description\":\"\",\"potentialAction\":[{\"@type\":\"SearchAction\",\"target\":{\"@type\":\"EntryPoint\",\"urlTemplate\":\"https:\\\/\\\/www.childrenseyemd.com\\\/es\\\/?s={search_term_string}\"},\"query-input\":{\"@type\":\"PropertyValueSpecification\",\"valueRequired\":true,\"valueName\":\"search_term_string\"}}],\"inLanguage\":\"es\"}]}<\/script>\n<!-- \/ Yoast SEO plugin. -->","yoast_head_json":{"title":"Filosof\u00eda Pr\u00e1ctica - Lederman &amp; Lederman, LLP","robots":{"index":"index","follow":"follow","max-snippet":"max-snippet:-1","max-image-preview":"max-image-preview:large","max-video-preview":"max-video-preview:-1"},"canonical":"https:\/\/www.childrenseyemd.com\/es\/filosofia-practica\/","og_locale":"es_ES","og_type":"article","og_title":"Filosof\u00eda Pr\u00e1ctica - Lederman &amp; Lederman, LLP","og_description":"Filosof\u00eda Pr\u00e1ctica Nuestros objetivos son evaluar y tratar las necesidades visuales y oculares de sus hijos en un entorno agradable y orientado a los ni\u00f1os. Nuestro empleados ha sido entrenado a tratar usted y su hijo con cuidado y respeto. Utilizamos las \u00faltimas t\u00e9cnicas m\u00e9dicas y quir\u00fargicas para diagnosticar y tratar todo, desde los m\u00e1s...","og_url":"https:\/\/www.childrenseyemd.com\/es\/filosofia-practica\/","og_site_name":"Lederman &amp; Lederman, LLP","article_modified_time":"2015-09-30T18:06:48+00:00","twitter_card":"summary_large_image","twitter_misc":{"Tiempo de lectura":"1 minuto"},"schema":{"@context":"https:\/\/schema.org","@graph":[{"@type":"WebPage","@id":"https:\/\/www.childrenseyemd.com\/es\/filosofia-practica\/","url":"https:\/\/www.childrenseyemd.com\/es\/filosofia-practica\/","name":"Filosof\u00eda Pr\u00e1ctica - Lederman &amp; Lederman, LLP","isPartOf":{"@id":"https:\/\/www.childrenseyemd.com\/es\/#website"},"datePublished":"2015-08-27T16:12:52+00:00","dateModified":"2015-09-30T18:06:48+00:00","breadcrumb":{"@id":"https:\/\/www.childrenseyemd.com\/es\/filosofia-practica\/#breadcrumb"},"inLanguage":"es","potentialAction":[{"@type":"ReadAction","target":["https:\/\/www.childrenseyemd.com\/es\/filosofia-practica\/"]}]},{"@type":"BreadcrumbList","@id":"https:\/\/www.childrenseyemd.com\/es\/filosofia-practica\/#breadcrumb","itemListElement":[{"@type":"ListItem","position":1,"name":"Home","item":"https:\/\/www.childrenseyemd.com\/es\/"},{"@type":"ListItem","position":2,"name":"Filosof\u00eda Pr\u00e1ctica"}]},{"@type":"WebSite","@id":"https:\/\/www.childrenseyemd.com\/es\/#website","url":"https:\/\/www.childrenseyemd.com\/es\/","name":"Lederman &amp; Lederman, LLP","description":"","potentialAction":[{"@type":"SearchAction","target":{"@type":"EntryPoint","urlTemplate":"https:\/\/www.childrenseyemd.com\/es\/?s={search_term_string}"},"query-input":{"@type":"PropertyValueSpecification","valueRequired":true,"valueName":"search_term_string"}}],"inLanguage":"es"}]}},"_links":{"self":[{"href":"https:\/\/www.childrenseyemd.com\/es\/wp-json\/wp\/v2\/pages\/45","targetHints":{"allow":["GET"]}}],"collection":[{"href":"https:\/\/www.childrenseyemd.com\/es\/wp-json\/wp\/v2\/pages"}],"about":[{"href":"https:\/\/www.childrenseyemd.com\/es\/wp-json\/wp\/v2\/types\/page"}],"author":[{"embeddable":true,"href":"https:\/\/www.childrenseyemd.com\/es\/wp-json\/wp\/v2\/users\/5"}],"replies":[{"embeddable":true,"href":"https:\/\/www.childrenseyemd.com\/es\/wp-json\/wp\/v2\/comments?post=45"}],"version-history":[{"count":0,"href":"https:\/\/www.childrenseyemd.com\/es\/wp-json\/wp\/v2\/pages\/45\/revisions"}],"wp:attachment":[{"href":"https:\/\/www.childrenseyemd.com\/es\/wp-json\/wp\/v2\/media?parent=45"}],"curies":[{"name":"wp","href":"https:\/\/api.w.org\/{rel}","templated":true}]}}